{"id":1049,"date":"2018-05-10T18:49:58","date_gmt":"2018-05-10T21:49:58","guid":{"rendered":"https:\/\/www.labguemes.com.ar\/web\/?page_id=1049"},"modified":"2023-06-03T12:51:13","modified_gmt":"2023-06-03T15:51:13","slug":"certificaciones","status":"publish","type":"page","link":"https:\/\/www.labguemes.com.ar\/web\/certificaciones\/","title":{"rendered":"Certificaciones"},"content":{"rendered":"<p>[vc_row][vc_column]    <div class=\"container\">\n        <div class=\"main-title \">\n\t\t\t<h2>CERTIFICACIONES DE CALIDAD INTERNACIONAL<\/h2>        <\/div>\n    <\/div>\n\t[\/vc_column][\/vc_row][vc_row css=\u00bb.vc_custom_1525991156133{margin-right: 10px !important;margin-left: 10px !important;border-right-width: 10px !important;border-left-width: 10px !important;padding-right: 10px !important;padding-left: 10px !important;}\u00bb][vc_column][vc_column_text]<\/p>\n<div class=\"wpb_text_column wpb_content_element \">\n<div class=\"wpb_wrapper\"><\/div>\n<div class=\"wpb_wrapper\">\n<h3 style=\"text-align: center;\">Normas de Calidad ISO 9001<\/h3>\n<div class=\"wpb_wrapper\">\n<p>Norma internacional que se aplica a los Sistemas de Gesti\u00f3n de Calidad para asegurar su efectividad. La misma impacta en la organizaci\u00f3n y su funcionamiento y en la mejora de la calidad de sus productos y\/o servicios.<\/p>\n<\/div>\n<p>El sentido de la norma es planificar para prevenir, identificar y corregir errores e impedir su reiteraci\u00f3n. La mejora continua es su principal desaf\u00edo.<\/p>\n<h3 style=\"text-align: center;\"><a style=\"font-family: 'Source Sans Pro', sans-serif; font-size: 16px;\" href=\"https:\/\/www.labguemes.com.ar\/web\/wp-content\/uploads\/2018\/05\/logo-iram.jpg\"><img loading=\"lazy\" decoding=\"async\" class=\"wp-image-1057 size-medium aligncenter\" src=\"https:\/\/www.labguemes.com.ar\/web\/wp-content\/uploads\/2018\/05\/logo-iram-300x235.jpg\" alt=\"\" width=\"300\" height=\"235\" srcset=\"https:\/\/www.labguemes.com.ar\/web\/wp-content\/uploads\/2018\/05\/logo-iram-300x235.jpg 300w, https:\/\/www.labguemes.com.ar\/web\/wp-content\/uploads\/2018\/05\/logo-iram-768x602.jpg 768w, https:\/\/www.labguemes.com.ar\/web\/wp-content\/uploads\/2018\/05\/logo-iram-1024x803.jpg 1024w, https:\/\/www.labguemes.com.ar\/web\/wp-content\/uploads\/2018\/05\/logo-iram.jpg 1293w\" sizes=\"auto, (max-width: 300px) 100vw, 300px\" \/><\/a><\/h3>\n<\/div>\n<\/div>\n<div class=\"wpb_text_column wpb_content_element \">\n<div class=\"wpb_wrapper\">\n<div class=\"wpb_wrapper\">\n<h4><\/h4>\n<\/div>\n<\/div>\n<\/div>\n<p>[\/vc_column_text][\/vc_column][\/vc_row][vc_row][vc_column][vc_column_text css=\u00bb.vc_custom_1529349174592{margin-right: 20px !important;margin-left: 20px !important;border-right-width: 20px !important;border-left-width: 20px !important;padding-right: 20px !important;padding-left: 20px !important;}\u00bb]<\/p>\n<h4><span style=\"color: #003366;\"><strong>A\u00f1o 2007:<\/strong>\u00a0CERTIFICACION CON NORMAS DE CALIDAD ISO 9001-2000<\/span><\/h4>\n<p>El Laboratorio G\u00fcemes del Dr. Luis R. Lugo, ha obtenido la \u201cCERTIFICACI\u00d3N con la NORMA ISO 9001-2000\u201cel 21\/08\/2007, que implica haber superado en forma exitosa las Auditor\u00edas con Evaluaci\u00f3n de Conformidad, realizadas por IRAM (Instituto Argentino de Normalizaci\u00f3n y Certificaci\u00f3n), y dando cumplimiento a los requisitos para el \u201cSISTEMA DE GESTI\u00d3N DE CALIDAD\u201d implementado, con alcance al Servicio de pacientes en el Laboratorio y a otros Laboratorios (Departamento Qu\u00edmica Cl\u00ednica, Hematolog\u00eda, Hemostasia, Endocrinolog\u00eda, Bacteriolog\u00eda, Inmunolog\u00eda, Virolog\u00eda, Monitoreo de Drogas Terap\u00e9uticas y de Abuso).[\/vc_column_text][\/vc_column][\/vc_row][vc_row][vc_column][vc_separator][\/vc_column][\/vc_row][vc_row][vc_column][vc_column_text css=\u00bb.vc_custom_1529349834174{margin-right: 20px !important;margin-left: 20px !important;border-right-width: 20px !important;border-left-width: 20px !important;padding-right: 20px !important;padding-left: 20px !important;}\u00bb]<\/p>\n<h4><span style=\"color: #003366;\"><strong>A\u00f1o 2010:\u00a0<\/strong>CERTIFICACION CON NORMAS DE CALIDAD ISO 9001-2008<\/span><\/h4>\n<p>Nuevamente, el Laboratorio G\u00fcemes ha renovado su compromiso de \u201cPol\u00edtica de Calidad\u201d, aprobando las auditor\u00edas con evaluaci\u00f3n de conformidad, realizadas por el IRAM y dando cumplimiento a los requisitos para el \u201cSistema de Gesti\u00f3n de Calidad\u201d de la \u00faltima norma en vigencia, ISO 9001-2008, con vigencia a partir del 19\/10\/2010, siempre que el laboratorio mantenga operable y en condiciones satisfactorias el Sistema de Gesti\u00f3n de Calidad, mediante el control de las auditor\u00edas exigidas por el IRAM.<\/p>\n<p><a href=\"https:\/\/www.labguemes.com.ar\/web\/wp-content\/uploads\/2018\/06\/Sin-t\u00edtulo-1.jpg\"><img loading=\"lazy\" decoding=\"async\" class=\"aligncenter wp-image-1348 size-large\" src=\"https:\/\/www.labguemes.com.ar\/web\/wp-content\/uploads\/2018\/06\/Sin-t\u00edtulo-1-755x1024.jpg\" alt=\"\" width=\"710\" height=\"963\" srcset=\"https:\/\/www.labguemes.com.ar\/web\/wp-content\/uploads\/2018\/06\/Sin-t\u00edtulo-1-755x1024.jpg 755w, https:\/\/www.labguemes.com.ar\/web\/wp-content\/uploads\/2018\/06\/Sin-t\u00edtulo-1-221x300.jpg 221w, https:\/\/www.labguemes.com.ar\/web\/wp-content\/uploads\/2018\/06\/Sin-t\u00edtulo-1-768x1041.jpg 768w, https:\/\/www.labguemes.com.ar\/web\/wp-content\/uploads\/2018\/06\/Sin-t\u00edtulo-1.jpg 2048w\" sizes=\"auto, (max-width: 710px) 100vw, 710px\" \/><\/a>[\/vc_column_text][\/vc_column][\/vc_row][vc_row][vc_column][vc_column_text css=\u00bb.vc_custom_1540242829944{margin-right: 20px !important;margin-left: 20px !important;border-right-width: 20px !important;border-left-width: 20px !important;padding-right: 20px !important;padding-left: 20px !important;}\u00bb]<\/p>\n<h4><span style=\"color: #003366;\"><strong>A\u00f1o 2018:\u00a0<\/strong>CERTIFICACION CON NORMAS DE CALIDAD ISO 9001-2015<\/span><\/h4>\n<p>Nuevamente, el Laboratorio G\u00fcemes ha aprobando las auditor\u00edas con evaluaci\u00f3n de conformidad, realizadas por el IRAM y dando cumplimiento a los requisitos para el \u201cSistema de Gesti\u00f3n de Calidad\u201d de la \u00faltima norma en vigencia, ISO 9001-2015.<\/p>\n<p><a href=\"https:\/\/www.labguemes.com.ar\/web\/wp-content\/uploads\/2018\/10\/Sin-t\u00edtulo-1-1.jpg\"><img loading=\"lazy\" decoding=\"async\" class=\"size-large wp-image-1832 aligncenter\" src=\"https:\/\/www.labguemes.com.ar\/web\/wp-content\/uploads\/2018\/10\/Sin-t\u00edtulo-1-1-1024x713.jpg\" alt=\"\" width=\"710\" height=\"494\" srcset=\"https:\/\/www.labguemes.com.ar\/web\/wp-content\/uploads\/2018\/10\/Sin-t\u00edtulo-1-1-1024x713.jpg 1024w, https:\/\/www.labguemes.com.ar\/web\/wp-content\/uploads\/2018\/10\/Sin-t\u00edtulo-1-1-300x209.jpg 300w, https:\/\/www.labguemes.com.ar\/web\/wp-content\/uploads\/2018\/10\/Sin-t\u00edtulo-1-1-768x535.jpg 768w, https:\/\/www.labguemes.com.ar\/web\/wp-content\/uploads\/2018\/10\/Sin-t\u00edtulo-1-1.jpg 2040w\" sizes=\"auto, (max-width: 710px) 100vw, 710px\" \/><\/a><\/p>\n<p>Los beneficios de implementar la nueva version 2015 de la ISO 9001 son:<\/p>\n<p>&#x2666; Integraci\u00f3n del enfoque de negocio del\u00a0Sistema de Gesti\u00f3n de la Calidad, por lo que la calidad se integra en los objetivos de negocio.<\/p>\n<p>&#x2666; Existe una mayor importancia en la planificaci\u00f3n, de hecho la empresa tiene que realizar una planificaci\u00f3n estrat\u00e9gica para integrar la calidad, su contexto, los clientes y las partes interesadas.<\/p>\n<p>&#x2666; Si se aplica de forma adecuada el enfoque basado en riesgos puede centrar todos los recursos de la empresa en los procesos de la organizaci\u00f3n con mayor proceso de la empresa con mayor probabilidad de generar no conformidades.<\/p>\n<p>&#x2666; La alta direcci\u00f3n es ahora quien se encarga de demostrar que la calidad es fundamental en el negocio.<\/p>\n<p>&#x2666; Es necesario mostrar un mayor liderazgo, con su involucraci\u00f3n en el\u00a0Sistema de Gesti\u00f3n de la Calidad\u00a0ISO 9001:2015.<\/p>\n<p>&#x2666; Se hace mayor hincapi\u00e9 en la importancia de la mejora para asegurarse de que el\u00a0Sistema de Gesti\u00f3n de la Calidad\u00a0se integra y se encuentra alineado con todos los objetivos concretos de la empresa.<\/p>\n<p>&#x2666; Nueva estructura que permite entender y apreciar el valor de que las diferentes normas de sistemas de gesti\u00f3n que utilicen un lenguaje com\u00fan.<\/p>\n<p>&#x2666; Enfocada en el logro sistem\u00e1tico de proporcionar de forma regular los productos y servicios que satisfagan los requisitos del cliente y los legales y reglamentarios aplicables.<\/p>\n<p>&#x2666; Contribuye a la gesti\u00f3n de la cadena de suministro de la forma m\u00e1s eficiente.[\/vc_column_text][\/vc_column][\/vc_row]<\/p>\n","protected":false},"excerpt":{"rendered":"<p>[vc_row][vc_column][\/vc_column][\/vc_row][vc_row css=\u00bb.vc_custom_1525991156133{margin-right: 10px !important;margin-left: 10px !important;border-right-width: 10px !important;border-left-width: 10px !important;padding-right: 10px !important;padding-left: 10px !important;}\u00bb][vc_column][vc_column_text] Normas de Calidad ISO 9001 Norma internacional que se aplica a los Sistemas de Gesti\u00f3n de Calidad para asegurar su efectividad. La misma impacta en la organizaci\u00f3n y su funcionamiento y en la mejora de la calidad de sus productos y\/o servicios. El sentido de la norma es planificar para prevenir, identificar y corregir errores e impedir su reiteraci\u00f3n. La mejora continua es su principal desaf\u00edo. [\/vc_column_text][\/vc_column][\/vc_row][vc_row][vc_column][vc_column_text css=\u00bb.vc_custom_1529349174592{margin-right: 20px !important;margin-left: 20px !important;border-right-width: 20px !important;border-left-width: 20px !important;padding-right: 20px !important;padding-left: 20px !important;}\u00bb] A\u00f1o 2007:\u00a0CERTIFICACION CON NORMAS DE CALIDAD ISO 9001-2000 El Laboratorio G\u00fcemes del Dr. Luis R. Lugo, ha obtenido la \u201cCERTIFICACI\u00d3N con la NORMA ISO 9001-2000\u201cel 21\/08\/2007, que implica haber superado en forma exitosa las Auditor\u00edas con Evaluaci\u00f3n de Conformidad, realizadas por IRAM (Instituto Argentino de Normalizaci\u00f3n y Certificaci\u00f3n), y dando cumplimiento a los requisitos para el \u201cSISTEMA DE GESTI\u00d3N DE CALIDAD\u201d implementado, con alcance al Servicio de pacientes en el Laboratorio y a otros Laboratorios (Departamento Qu\u00edmica Cl\u00ednica, Hematolog\u00eda, Hemostasia, Endocrinolog\u00eda, Bacteriolog\u00eda, Inmunolog\u00eda, Virolog\u00eda, Monitoreo de Drogas Terap\u00e9uticas y de Abuso).[\/vc_column_text][\/vc_column][\/vc_row][vc_row][vc_column][vc_separator][\/vc_column][\/vc_row][vc_row][vc_column][vc_column_text css=\u00bb.vc_custom_1529349834174{margin-right: 20px !important;margin-left: 20px !important;border-right-width: 20px !important;border-left-width: 20px !important;padding-right: 20px !important;padding-left: 20px !important;}\u00bb] A\u00f1o 2010:\u00a0CERTIFICACION CON NORMAS DE CALIDAD ISO 9001-2008 Nuevamente, el Laboratorio G\u00fcemes ha renovado su compromiso de \u201cPol\u00edtica de Calidad\u201d, aprobando las auditor\u00edas con evaluaci\u00f3n de conformidad, realizadas por el IRAM y dando cumplimiento a los requisitos para el \u201cSistema de Gesti\u00f3n de Calidad\u201d de la \u00faltima norma en vigencia, ISO 9001-2008, con vigencia a partir del 19\/10\/2010, siempre que el laboratorio mantenga operable y en condiciones satisfactorias el Sistema de Gesti\u00f3n de Calidad, mediante el control de las auditor\u00edas exigidas por el IRAM. [\/vc_column_text][\/vc_column][\/vc_row][vc_row][vc_column][vc_column_text css=\u00bb.vc_custom_1540242829944{margin-right: 20px !important;margin-left: 20px !important;border-right-width: 20px !important;border-left-width: 20px !important;padding-right: 20px !important;padding-left: 20px !important;}\u00bb] A\u00f1o 2018:\u00a0CERTIFICACION CON NORMAS DE CALIDAD ISO 9001-2015 Nuevamente, el Laboratorio G\u00fcemes ha aprobando las auditor\u00edas con evaluaci\u00f3n de conformidad, realizadas por el IRAM y dando cumplimiento a los requisitos para el \u201cSistema de Gesti\u00f3n de Calidad\u201d de la \u00faltima norma en vigencia, ISO 9001-2015. Los beneficios de implementar la nueva version 2015 de la ISO 9001 son: &#x2666; Integraci\u00f3n del enfoque de negocio del\u00a0Sistema de Gesti\u00f3n de la Calidad, por lo que la calidad se integra en los objetivos de negocio. &#x2666; Existe una mayor importancia en la planificaci\u00f3n, de hecho la empresa tiene que realizar una planificaci\u00f3n estrat\u00e9gica para integrar la calidad, su contexto, los clientes y las partes interesadas. &#x2666; Si se aplica de forma adecuada el enfoque basado en riesgos puede centrar todos los recursos de la empresa en los procesos de la organizaci\u00f3n con mayor proceso de la empresa con mayor probabilidad de generar no conformidades. &#x2666; La alta direcci\u00f3n es ahora quien se encarga de demostrar que la calidad es fundamental en el negocio. &#x2666; Es necesario mostrar un mayor liderazgo, con su involucraci\u00f3n en el\u00a0Sistema de Gesti\u00f3n de la Calidad\u00a0ISO 9001:2015. &#x2666; Se hace mayor hincapi\u00e9 en la importancia de la mejora para asegurarse de que el\u00a0Sistema [&hellip;]<\/p>\n","protected":false},"author":2,"featured_media":0,"parent":0,"menu_order":0,"comment_status":"closed","ping_status":"closed","template":"page-templates\/fluid-width.php","meta":{"footnotes":""},"class_list":["post-1049","page","type-page","status-publish","hentry"],"_links":{"self":[{"href":"https:\/\/www.labguemes.com.ar\/web\/wp-json\/wp\/v2\/pages\/1049","targetHints":{"allow":["GET"]}}],"collection":[{"href":"https:\/\/www.labguemes.com.ar\/web\/wp-json\/wp\/v2\/pages"}],"about":[{"href":"https:\/\/www.labguemes.com.ar\/web\/wp-json\/wp\/v2\/types\/page"}],"author":[{"embeddable":true,"href":"https:\/\/www.labguemes.com.ar\/web\/wp-json\/wp\/v2\/users\/2"}],"replies":[{"embeddable":true,"href":"https:\/\/www.labguemes.com.ar\/web\/wp-json\/wp\/v2\/comments?post=1049"}],"version-history":[{"count":27,"href":"https:\/\/www.labguemes.com.ar\/web\/wp-json\/wp\/v2\/pages\/1049\/revisions"}],"predecessor-version":[{"id":1836,"href":"https:\/\/www.labguemes.com.ar\/web\/wp-json\/wp\/v2\/pages\/1049\/revisions\/1836"}],"wp:attachment":[{"href":"https:\/\/www.labguemes.com.ar\/web\/wp-json\/wp\/v2\/media?parent=1049"}],"curies":[{"name":"wp","href":"https:\/\/api.w.org\/{rel}","templated":true}]}}