{"id":1121,"date":"2018-05-15T18:24:24","date_gmt":"2018-05-15T21:24:24","guid":{"rendered":"https:\/\/www.labguemes.com.ar\/web\/?page_id=1121"},"modified":"2018-05-15T18:37:14","modified_gmt":"2018-05-15T21:37:14","slug":"guia-para-padres","status":"publish","type":"page","link":"https:\/\/www.labguemes.com.ar\/web\/pacientes\/guia-para-padres\/","title":{"rendered":"Gu\u00eda para padres"},"content":{"rendered":"<h3><span style=\"color: #000080;\">\u00bfC\u00f3mo preparar a un ni\u00f1o para una extracci\u00f3n de sangre?<\/span><\/h3>\n<p>Brind\u00e1ndole informaci\u00f3n, adem\u00e1s de la preparaci\u00f3n previa que\u00a0corresponde a su an\u00e1lisis.<\/p>\n<h4>Contarle de qu\u00e9 se trata y \u201cpara qu\u00e9\u201d.<\/h4>\n<p>Si el ni\u00f1o sabe de qu\u00e9 se trata, es probable que se sienta menos preocupado por lo que va a suceder.<\/p>\n<p>\u00bfDe qu\u00e9 manera?<\/p>\n<p>En forma breve y acorde a la edad del ni\u00f1o.<\/p>\n<ul>\n<li>Dentro de las 24 horas antes de la extracci\u00f3n.<\/li>\n<li>Para que el ni\u00f1o no suponga que fue iniciativa de sus padres, aclararle qui\u00e9n lo solicita.<\/li>\n<li>\u00bfQu\u00e9 es una extracci\u00f3n de sangre? Para examinar la sangre en un laboratorio, porque el ni\u00f1o est\u00e1 enfermo o en tratamiento, es necesario obtenerla. Esto se realiza a trav\u00e9s de una aguja en una de las venas del ni\u00f1o.<\/li>\n<\/ul>\n<h4>Explicarle \u201cc\u00f3mo\u201c<\/h4>\n<ul>\n<li>Es una suave punci\u00f3n, sentir\u00e1 como un pellizco, \u201cun mosquito que pica\u201d.<\/li>\n<li>La duraci\u00f3n es m\u00ednima.<\/li>\n<li>Es indispensable que el brazo permanezca quieto durante la extracci\u00f3n, para que el proceso sea r\u00e1pido y la molestia leve.<\/li>\n<\/ul>\n<p>Y si requiere m\u00e1s explicaci\u00f3n<\/p>\n<ul>\n<li>Antes de la extracci\u00f3n, le colocar\u00e1n una banda ajustable alrededor del brazo. Va a estar ajustada, como si alguien le estuviera apretando un poquito el brazo.<\/li>\n<li>El t\u00e9cnico extraccionista le va a limpiar una peque\u00f1a porci\u00f3n de piel en el brazo, y en ese lugar va a sentir fr\u00edo.<\/li>\n<li>Va a poner la aguja en el brazo y la sangre va a entrar a trav\u00e9s de la aguja. Puede sentir un pellizco o pinchazo, puede que le duela un poco, o que no sienta nada.<\/li>\n<li>Una vez que le hayan extra\u00eddo un poco de sangre, retirar\u00e1n la aguja y le colocar\u00e1n una curita en el lugar donde estuvo la aguja. Despu\u00e9s de un rato, la podr\u00e1 retirar y ver\u00e1 apenas un puntito colorado.<\/li>\n<\/ul>\n<h4>Evitar<\/h4>\n<ul>\n<li>Enga\u00f1arlo.<\/li>\n<li>Contarle experiencias personales negativas, ya sea a trav\u00e9s de gestos o sobrentendidos.<\/li>\n<li>Demostrar preocupaci\u00f3n, malestar o nerviosismo porque su ni\u00f1o va a recibir un pinchazo. Esta pr\u00e1ctica es de rutina durante la vida de cualquier persona, sana o enferma.<\/li>\n<li>Volver sobre el tema si el ni\u00f1o no insiste.<\/li>\n<\/ul>\n<p><strong>Durante la extracci\u00f3n<\/strong><\/p>\n<p>La colaboraci\u00f3n de los padres durante el proceso es fundamental, porque al ni\u00f1o hay que sostenerlo.\u00a0 No s\u00f3lo para la contenci\u00f3n afectiva, sino tambi\u00e9n para facilitar la tarea del t\u00e9cnico extraccionista.<\/p>\n","protected":false},"excerpt":{"rendered":"<p>\u00bfC\u00f3mo preparar a un ni\u00f1o para una extracci\u00f3n de sangre? Brind\u00e1ndole informaci\u00f3n, adem\u00e1s de la preparaci\u00f3n previa que\u00a0corresponde a su an\u00e1lisis. Contarle de qu\u00e9 se trata y \u201cpara qu\u00e9\u201d. Si el ni\u00f1o sabe de qu\u00e9 se trata, es probable que se sienta menos preocupado por lo que va a suceder. \u00bfDe qu\u00e9 manera? En forma breve y acorde a la edad del ni\u00f1o. Dentro de las 24 horas antes de la extracci\u00f3n. Para que el ni\u00f1o no suponga que fue iniciativa de sus padres, aclararle qui\u00e9n lo solicita. \u00bfQu\u00e9 es una extracci\u00f3n de sangre? Para examinar la sangre en un laboratorio, porque el ni\u00f1o est\u00e1 enfermo o en tratamiento, es necesario obtenerla. Esto se realiza a trav\u00e9s de una aguja en una de las venas del ni\u00f1o. Explicarle \u201cc\u00f3mo\u201c Es una suave punci\u00f3n, sentir\u00e1 como un pellizco, \u201cun mosquito que pica\u201d. La duraci\u00f3n es m\u00ednima. Es indispensable que el brazo permanezca quieto durante la extracci\u00f3n, para que el proceso sea r\u00e1pido y la molestia leve. Y si requiere m\u00e1s explicaci\u00f3n Antes de la extracci\u00f3n, le colocar\u00e1n una banda ajustable alrededor del brazo. Va a estar ajustada, como si alguien le estuviera apretando un poquito el brazo. El t\u00e9cnico extraccionista le va a limpiar una peque\u00f1a porci\u00f3n de piel en el brazo, y en ese lugar va a sentir fr\u00edo. Va a poner la aguja en el brazo y la sangre va a entrar a trav\u00e9s de la aguja. Puede sentir un pellizco o pinchazo, puede que le duela un poco, o que no sienta nada. Una vez que le hayan extra\u00eddo un poco de sangre, retirar\u00e1n la aguja y le colocar\u00e1n una curita en el lugar donde estuvo la aguja. Despu\u00e9s de un rato, la podr\u00e1 retirar y ver\u00e1 apenas un puntito colorado. Evitar Enga\u00f1arlo. Contarle experiencias personales negativas, ya sea a trav\u00e9s de gestos o sobrentendidos. Demostrar preocupaci\u00f3n, malestar o nerviosismo porque su ni\u00f1o va a recibir un pinchazo. Esta pr\u00e1ctica es de rutina durante la vida de cualquier persona, sana o enferma. Volver sobre el tema si el ni\u00f1o no insiste. Durante la extracci\u00f3n La colaboraci\u00f3n de los padres durante el proceso es fundamental, porque al ni\u00f1o hay que sostenerlo.\u00a0 No s\u00f3lo para la contenci\u00f3n afectiva, sino tambi\u00e9n para facilitar la tarea del t\u00e9cnico extraccionista.<\/p>\n","protected":false},"author":2,"featured_media":489,"parent":103,"menu_order":30,"comment_status":"closed","ping_status":"closed","template":"page-templates\/full-width.php","meta":{"footnotes":""},"class_list":["post-1121","page","type-page","status-publish","has-post-thumbnail","hentry"],"_links":{"self":[{"href":"https:\/\/www.labguemes.com.ar\/web\/wp-json\/wp\/v2\/pages\/1121","targetHints":{"allow":["GET"]}}],"collection":[{"href":"https:\/\/www.labguemes.com.ar\/web\/wp-json\/wp\/v2\/pages"}],"about":[{"href":"https:\/\/www.labguemes.com.ar\/web\/wp-json\/wp\/v2\/types\/page"}],"author":[{"embeddable":true,"href":"https:\/\/www.labguemes.com.ar\/web\/wp-json\/wp\/v2\/users\/2"}],"replies":[{"embeddable":true,"href":"https:\/\/www.labguemes.com.ar\/web\/wp-json\/wp\/v2\/comments?post=1121"}],"version-history":[{"count":1,"href":"https:\/\/www.labguemes.com.ar\/web\/wp-json\/wp\/v2\/pages\/1121\/revisions"}],"predecessor-version":[{"id":1122,"href":"https:\/\/www.labguemes.com.ar\/web\/wp-json\/wp\/v2\/pages\/1121\/revisions\/1122"}],"up":[{"embeddable":true,"href":"https:\/\/www.labguemes.com.ar\/web\/wp-json\/wp\/v2\/pages\/103"}],"wp:featuredmedia":[{"embeddable":true,"href":"https:\/\/www.labguemes.com.ar\/web\/wp-json\/wp\/v2\/media\/489"}],"wp:attachment":[{"href":"https:\/\/www.labguemes.com.ar\/web\/wp-json\/wp\/v2\/media?parent=1121"}],"curies":[{"name":"wp","href":"https:\/\/api.w.org\/{rel}","templated":true}]}}