{"id":1352,"date":"2018-06-18T16:33:44","date_gmt":"2018-06-18T19:33:44","guid":{"rendered":"https:\/\/www.labguemes.com.ar\/web\/?page_id=1352"},"modified":"2018-06-18T17:08:57","modified_gmt":"2018-06-18T20:08:57","slug":"acreditaciones-2","status":"publish","type":"page","link":"https:\/\/www.labguemes.com.ar\/web\/acreditaciones-2\/","title":{"rendered":"Acreditaciones"},"content":{"rendered":"<p>[vc_row][vc_column]    <div class=\"container\">\n        <div class=\"main-title \">\n\t\t\t<h2>ACREDITACIONES DE CALIDAD NACIONAL<\/h2>        <\/div>\n    <\/div>\n\t[\/vc_column][\/vc_row][vc_row css=\u00bb.vc_custom_1529350825612{margin-right: 20px !important;margin-left: 20px !important;border-right-width: 20px !important;border-left-width: 20px !important;padding-right: 20px !important;padding-left: 20px !important;}\u00bb][vc_column][vc_column_text]<\/p>\n<h4><span style=\"color: #003366;\">ACREDITACION ALAC:\u00a0Asociaci\u00f3n de Laboratorios de Alta Complejidad de la Rep\u00fablica Argentina\u00a0<\/span><\/h4>\n<p>&nbsp;<\/p>\n<p><a href=\"https:\/\/www.labguemes.com.ar\/web\/wp-content\/uploads\/2018\/06\/logo-alac-1.png\"><img loading=\"lazy\" decoding=\"async\" class=\"aligncenter wp-image-1355 size-full\" src=\"https:\/\/www.labguemes.com.ar\/web\/wp-content\/uploads\/2018\/06\/logo-alac-1.png\" alt=\"\" width=\"243\" height=\"161\" \/><\/a>[\/vc_column_text][\/vc_column][\/vc_row][vc_row][vc_column][vc_separator][\/vc_column][\/vc_row][vc_row css=\u00bb.vc_custom_1529350825612{margin-right: 20px !important;margin-left: 20px !important;border-right-width: 20px !important;border-left-width: 20px !important;padding-right: 20px !important;padding-left: 20px !important;}\u00bb][vc_column width=\u00bb1\/2&#8243;][vc_column_text]<\/p>\n<h4 class=\"title_blue2\"><span style=\"color: #003366;\"><em>ACREDITACI\u00d3N CA.DI.ME. (C\u00e1mara de Instituciones de Diagn\u00f3stico M\u00e9dico)<\/em><\/span><\/h4>\n<p>&nbsp;<\/p>\n<p><a href=\"https:\/\/www.labguemes.com.ar\/web\/wp-content\/uploads\/2018\/06\/Logo-Cadime.jpg\"><img loading=\"lazy\" decoding=\"async\" class=\"size-medium wp-image-1358 aligncenter\" src=\"https:\/\/www.labguemes.com.ar\/web\/wp-content\/uploads\/2018\/06\/Logo-Cadime-300x226.jpg\" alt=\"\" width=\"300\" height=\"226\" srcset=\"https:\/\/www.labguemes.com.ar\/web\/wp-content\/uploads\/2018\/06\/Logo-Cadime-300x226.jpg 300w, https:\/\/www.labguemes.com.ar\/web\/wp-content\/uploads\/2018\/06\/Logo-Cadime.jpg 354w\" sizes=\"auto, (max-width: 300px) 100vw, 300px\" \/><\/a><\/p>\n<p>[\/vc_column_text][\/vc_column][vc_column width=\u00bb1\/2&#8243;][vc_column_text]<\/p>\n<h4 class=\"title_blue2\"><span style=\"color: #003366;\"><em>FUNDACI\u00d3N BIOQU\u00cdMICA ARGENTINA (PAL).<\/em><\/span><\/h4>\n<p>&nbsp;<\/p>\n<p><a href=\"https:\/\/www.labguemes.com.ar\/web\/wp-content\/uploads\/2018\/06\/logo_fba.jpg\"><img loading=\"lazy\" decoding=\"async\" class=\"size-medium wp-image-1360 aligncenter\" src=\"https:\/\/www.labguemes.com.ar\/web\/wp-content\/uploads\/2018\/06\/logo_fba-154x300.jpg\" alt=\"\" width=\"154\" height=\"300\" srcset=\"https:\/\/www.labguemes.com.ar\/web\/wp-content\/uploads\/2018\/06\/logo_fba-154x300.jpg 154w, https:\/\/www.labguemes.com.ar\/web\/wp-content\/uploads\/2018\/06\/logo_fba.jpg 210w\" sizes=\"auto, (max-width: 154px) 100vw, 154px\" \/><\/a>[\/vc_column_text][\/vc_column][\/vc_row][vc_row][vc_column][vc_separator][\/vc_column][\/vc_row][vc_row css=\u00bb.vc_custom_1529350825612{margin-right: 20px !important;margin-left: 20px !important;border-right-width: 20px !important;border-left-width: 20px !important;padding-right: 20px !important;padding-left: 20px !important;}\u00bb][vc_column width=\u00bb1\/2&#8243;][vc_column_text]<\/p>\n<h4 class=\"title_blue2\"><span style=\"color: #003366;\">PROGRAMA DE ACREDITACION ITAES (Instituto T\u00e9cnico para la Acreditaci\u00f3n de Establecimientos de Salud)<\/span><\/h4>\n<p>&nbsp;<\/p>\n<p><a href=\"https:\/\/www.labguemes.com.ar\/web\/wp-content\/uploads\/2018\/06\/LOGO-ITAES-CURVA-SIN-TEXTO.jpg\"><img loading=\"lazy\" decoding=\"async\" class=\"size-medium wp-image-1362 aligncenter\" src=\"https:\/\/www.labguemes.com.ar\/web\/wp-content\/uploads\/2018\/06\/LOGO-ITAES-CURVA-SIN-TEXTO-254x300.jpg\" alt=\"\" width=\"254\" height=\"300\" srcset=\"https:\/\/www.labguemes.com.ar\/web\/wp-content\/uploads\/2018\/06\/LOGO-ITAES-CURVA-SIN-TEXTO-254x300.jpg 254w, https:\/\/www.labguemes.com.ar\/web\/wp-content\/uploads\/2018\/06\/LOGO-ITAES-CURVA-SIN-TEXTO.jpg 475w\" sizes=\"auto, (max-width: 254px) 100vw, 254px\" \/><\/a><\/p>\n<p>[\/vc_column_text][\/vc_column][vc_column width=\u00bb1\/2&#8243;][vc_column_text]<\/p>\n<h4 class=\"title_blue2\"><span style=\"color: #003366;\"><em>COLEGIO DE BIOQU\u00cdMICOS DEL CHACO<\/em><\/span><\/h4>\n<p><a href=\"https:\/\/www.labguemes.com.ar\/web\/wp-content\/uploads\/2018\/06\/testLogo1.png\"><img loading=\"lazy\" decoding=\"async\" class=\"aligncenter wp-image-1363\" src=\"https:\/\/www.labguemes.com.ar\/web\/wp-content\/uploads\/2018\/06\/testLogo1.png\" alt=\"\" width=\"91\" height=\"111\" \/><\/a>[\/vc_column_text][\/vc_column][\/vc_row]<\/p>\n","protected":false},"excerpt":{"rendered":"<p>[vc_row][vc_column][\/vc_column][\/vc_row][vc_row css=\u00bb.vc_custom_1529350825612{margin-right: 20px !important;margin-left: 20px !important;border-right-width: 20px !important;border-left-width: 20px !important;padding-right: 20px !important;padding-left: 20px !important;}\u00bb][vc_column][vc_column_text] ACREDITACION ALAC:\u00a0Asociaci\u00f3n de Laboratorios de Alta Complejidad de la Rep\u00fablica Argentina\u00a0 &nbsp; [\/vc_column_text][\/vc_column][\/vc_row][vc_row][vc_column][vc_separator][\/vc_column][\/vc_row][vc_row css=\u00bb.vc_custom_1529350825612{margin-right: 20px !important;margin-left: 20px !important;border-right-width: 20px !important;border-left-width: 20px !important;padding-right: 20px !important;padding-left: 20px !important;}\u00bb][vc_column width=\u00bb1\/2&#8243;][vc_column_text] ACREDITACI\u00d3N CA.DI.ME. (C\u00e1mara de Instituciones de Diagn\u00f3stico M\u00e9dico) &nbsp; [\/vc_column_text][\/vc_column][vc_column width=\u00bb1\/2&#8243;][vc_column_text] FUNDACI\u00d3N BIOQU\u00cdMICA ARGENTINA (PAL). &nbsp; [\/vc_column_text][\/vc_column][\/vc_row][vc_row][vc_column][vc_separator][\/vc_column][\/vc_row][vc_row css=\u00bb.vc_custom_1529350825612{margin-right: 20px !important;margin-left: 20px !important;border-right-width: 20px !important;border-left-width: 20px !important;padding-right: 20px !important;padding-left: 20px !important;}\u00bb][vc_column width=\u00bb1\/2&#8243;][vc_column_text] PROGRAMA DE ACREDITACION ITAES (Instituto T\u00e9cnico para la Acreditaci\u00f3n de Establecimientos de Salud) &nbsp; [\/vc_column_text][\/vc_column][vc_column width=\u00bb1\/2&#8243;][vc_column_text] COLEGIO DE BIOQU\u00cdMICOS DEL CHACO [\/vc_column_text][\/vc_column][\/vc_row]<\/p>\n","protected":false},"author":2,"featured_media":0,"parent":0,"menu_order":0,"comment_status":"closed","ping_status":"closed","template":"page-templates\/fluid-width.php","meta":{"footnotes":""},"class_list":["post-1352","page","type-page","status-publish","hentry"],"_links":{"self":[{"href":"https:\/\/www.labguemes.com.ar\/web\/wp-json\/wp\/v2\/pages\/1352","targetHints":{"allow":["GET"]}}],"collection":[{"href":"https:\/\/www.labguemes.com.ar\/web\/wp-json\/wp\/v2\/pages"}],"about":[{"href":"https:\/\/www.labguemes.com.ar\/web\/wp-json\/wp\/v2\/types\/page"}],"author":[{"embeddable":true,"href":"https:\/\/www.labguemes.com.ar\/web\/wp-json\/wp\/v2\/users\/2"}],"replies":[{"embeddable":true,"href":"https:\/\/www.labguemes.com.ar\/web\/wp-json\/wp\/v2\/comments?post=1352"}],"version-history":[{"count":10,"href":"https:\/\/www.labguemes.com.ar\/web\/wp-json\/wp\/v2\/pages\/1352\/revisions"}],"predecessor-version":[{"id":1367,"href":"https:\/\/www.labguemes.com.ar\/web\/wp-json\/wp\/v2\/pages\/1352\/revisions\/1367"}],"wp:attachment":[{"href":"https:\/\/www.labguemes.com.ar\/web\/wp-json\/wp\/v2\/media?parent=1352"}],"curies":[{"name":"wp","href":"https:\/\/api.w.org\/{rel}","templated":true}]}}