{"id":1369,"date":"2018-06-18T17:12:12","date_gmt":"2018-06-18T20:12:12","guid":{"rendered":"https:\/\/www.labguemes.com.ar\/web\/?page_id=1369"},"modified":"2018-06-18T17:33:13","modified_gmt":"2018-06-18T20:33:13","slug":"controles-de-calidad","status":"publish","type":"page","link":"https:\/\/www.labguemes.com.ar\/web\/controles-de-calidad\/","title":{"rendered":"Controles de Calidad"},"content":{"rendered":"<p>[vc_row][vc_column]    <div class=\"container\">\n        <div class=\"main-title \">\n\t\t\t<h2>PROGRAMAS DE CONTROL DE CALIDAD<\/h2>        <\/div>\n    <\/div>\n\t[\/vc_column][\/vc_row][vc_row][vc_column][vc_column_text css=\u00bb.vc_custom_1529353983579{margin-right: 20px !important;margin-left: 20px !important;border-right-width: 20px !important;border-left-width: 20px !important;padding-right: 20px !important;padding-left: 20px !important;}\u00bb]<\/p>\n<h4><span style=\"color: #003366;\"><strong>RIQ AS\u00a0<\/strong>(Randox International Quality Assessment e \u00c9cheme).<\/span><\/h4>\n<p>Participante del Programa Internacional (Gran Breta\u00f1a), en el per\u00edodo 1994 \u2013 2000.<\/p>\n<h4><\/h4>\n<h4><span style=\"color: #003366;\"><strong>PEEC\u00a0<\/strong>(Programa de Evaluaci\u00f3n Externa de la Calidad de la Fundaci\u00f3n Bioqu\u00edmica Argentina)<\/span><\/h4>\n<p>Desde 1989 \u2013 En vigencia.<\/p>\n<h5><a href=\"https:\/\/www.labguemes.com.ar\/web\/wp-content\/uploads\/2018\/06\/peec-250x135-1.jpg\"><img loading=\"lazy\" decoding=\"async\" class=\"size-full wp-image-1372 aligncenter\" src=\"https:\/\/www.labguemes.com.ar\/web\/wp-content\/uploads\/2018\/06\/peec-250x135-1.jpg\" alt=\"\" width=\"250\" height=\"135\" \/><\/a><\/h5>\n<h4><\/h4>\n<h4><span style=\"color: #003366;\"><strong>CEMIC\u00a0<\/strong>(Programa de Evaluaci\u00f3n Externa de la Calidad del Centro de Educaci\u00f3n M\u00e9dica e Investigaciones Cl\u00ednicas \u201cNorberto Quirno\u201d)<\/span><\/h4>\n<p>Desde 1991 \u2013 En vigencia.<\/p>\n<h5><a href=\"https:\/\/www.labguemes.com.ar\/web\/wp-content\/uploads\/2018\/06\/logo-cemic.jpg\"><img loading=\"lazy\" decoding=\"async\" class=\"size-medium wp-image-1373 aligncenter\" src=\"https:\/\/www.labguemes.com.ar\/web\/wp-content\/uploads\/2018\/06\/logo-cemic-300x131.jpg\" alt=\"\" width=\"300\" height=\"131\" srcset=\"https:\/\/www.labguemes.com.ar\/web\/wp-content\/uploads\/2018\/06\/logo-cemic-300x131.jpg 300w, https:\/\/www.labguemes.com.ar\/web\/wp-content\/uploads\/2018\/06\/logo-cemic.jpg 400w\" sizes=\"auto, (max-width: 300px) 100vw, 300px\" \/><\/a><\/h5>\n<h4><\/h4>\n<h4><span style=\"color: #003366;\"><strong>MALBRAN\u00a0<\/strong>(Programa de Evaluaci\u00f3n Externa de Calidad del Instituto Nacional de Enfermedades Infecciosas \u201cDr. Carlos G. Malbr\u00e1n)<\/span><\/h4>\n<p>Desde 1996 \u2013 En vigencia.<\/p>\n<h5><a href=\"https:\/\/www.labguemes.com.ar\/web\/wp-content\/uploads\/2018\/06\/malbran.jpg\"><img loading=\"lazy\" decoding=\"async\" class=\"size-medium wp-image-1374 aligncenter\" src=\"https:\/\/www.labguemes.com.ar\/web\/wp-content\/uploads\/2018\/06\/malbran-300x175.jpg\" alt=\"\" width=\"300\" height=\"175\" srcset=\"https:\/\/www.labguemes.com.ar\/web\/wp-content\/uploads\/2018\/06\/malbran-300x175.jpg 300w, https:\/\/www.labguemes.com.ar\/web\/wp-content\/uploads\/2018\/06\/malbran.jpg 621w\" sizes=\"auto, (max-width: 300px) 100vw, 300px\" \/><\/a><\/h5>\n<h5><\/h5>\n<h4><\/h4>\n<h4><span style=\"color: #003366;\">BIO-RAD LABORATORIES:<\/span><\/h4>\n<p>En 2010, se incorpora el Laboratorio G\u00fcemes al Programa de Control de Calidad de BIO-RAD LABORATORIES, con sede en California (EE.UU.). Este programa est\u00e1 a la vanguardia y se utiliza en los principales pa\u00edses del mundo.<\/p>\n<p>El Laboratorio BIO-RAD, l\u00edder mundial en programas de control de calidad, provee anualmente de los sueros en que se van a testear quincenalmente un n\u00famero importante de los analitos de Qu\u00edmica Cl\u00ednica, Endocrinolog\u00eda y otros departamentos.<\/p>\n<p><a href=\"https:\/\/www.labguemes.com.ar\/web\/wp-content\/uploads\/2018\/06\/Bio-Rad-CMYK-color-logo_WV.jpg\"><img loading=\"lazy\" decoding=\"async\" class=\"size-medium wp-image-1375 aligncenter\" src=\"https:\/\/www.labguemes.com.ar\/web\/wp-content\/uploads\/2018\/06\/Bio-Rad-CMYK-color-logo_WV-300x79.jpg\" alt=\"\" width=\"300\" height=\"79\" srcset=\"https:\/\/www.labguemes.com.ar\/web\/wp-content\/uploads\/2018\/06\/Bio-Rad-CMYK-color-logo_WV-300x79.jpg 300w, https:\/\/www.labguemes.com.ar\/web\/wp-content\/uploads\/2018\/06\/Bio-Rad-CMYK-color-logo_WV-768x203.jpg 768w, https:\/\/www.labguemes.com.ar\/web\/wp-content\/uploads\/2018\/06\/Bio-Rad-CMYK-color-logo_WV-1024x271.jpg 1024w\" sizes=\"auto, (max-width: 300px) 100vw, 300px\" \/><\/a>[\/vc_column_text][\/vc_column][\/vc_row]<\/p>\n","protected":false},"excerpt":{"rendered":"<p>[vc_row][vc_column][\/vc_column][\/vc_row][vc_row][vc_column][vc_column_text css=\u00bb.vc_custom_1529353983579{margin-right: 20px !important;margin-left: 20px !important;border-right-width: 20px !important;border-left-width: 20px !important;padding-right: 20px !important;padding-left: 20px !important;}\u00bb] RIQ AS\u00a0(Randox International Quality Assessment e \u00c9cheme). Participante del Programa Internacional (Gran Breta\u00f1a), en el per\u00edodo 1994 \u2013 2000. PEEC\u00a0(Programa de Evaluaci\u00f3n Externa de la Calidad de la Fundaci\u00f3n Bioqu\u00edmica Argentina) Desde 1989 \u2013 En vigencia. CEMIC\u00a0(Programa de Evaluaci\u00f3n Externa de la Calidad del Centro de Educaci\u00f3n M\u00e9dica e Investigaciones Cl\u00ednicas \u201cNorberto Quirno\u201d) Desde 1991 \u2013 En vigencia. MALBRAN\u00a0(Programa de Evaluaci\u00f3n Externa de Calidad del Instituto Nacional de Enfermedades Infecciosas \u201cDr. Carlos G. Malbr\u00e1n) Desde 1996 \u2013 En vigencia. BIO-RAD LABORATORIES: En 2010, se incorpora el Laboratorio G\u00fcemes al Programa de Control de Calidad de BIO-RAD LABORATORIES, con sede en California (EE.UU.). Este programa est\u00e1 a la vanguardia y se utiliza en los principales pa\u00edses del mundo. El Laboratorio BIO-RAD, l\u00edder mundial en programas de control de calidad, provee anualmente de los sueros en que se van a testear quincenalmente un n\u00famero importante de los analitos de Qu\u00edmica Cl\u00ednica, Endocrinolog\u00eda y otros departamentos. [\/vc_column_text][\/vc_column][\/vc_row]<\/p>\n","protected":false},"author":2,"featured_media":0,"parent":0,"menu_order":0,"comment_status":"closed","ping_status":"closed","template":"page-templates\/fluid-width.php","meta":{"footnotes":""},"class_list":["post-1369","page","type-page","status-publish","hentry"],"_links":{"self":[{"href":"https:\/\/www.labguemes.com.ar\/web\/wp-json\/wp\/v2\/pages\/1369","targetHints":{"allow":["GET"]}}],"collection":[{"href":"https:\/\/www.labguemes.com.ar\/web\/wp-json\/wp\/v2\/pages"}],"about":[{"href":"https:\/\/www.labguemes.com.ar\/web\/wp-json\/wp\/v2\/types\/page"}],"author":[{"embeddable":true,"href":"https:\/\/www.labguemes.com.ar\/web\/wp-json\/wp\/v2\/users\/2"}],"replies":[{"embeddable":true,"href":"https:\/\/www.labguemes.com.ar\/web\/wp-json\/wp\/v2\/comments?post=1369"}],"version-history":[{"count":4,"href":"https:\/\/www.labguemes.com.ar\/web\/wp-json\/wp\/v2\/pages\/1369\/revisions"}],"predecessor-version":[{"id":1381,"href":"https:\/\/www.labguemes.com.ar\/web\/wp-json\/wp\/v2\/pages\/1369\/revisions\/1381"}],"wp:attachment":[{"href":"https:\/\/www.labguemes.com.ar\/web\/wp-json\/wp\/v2\/media?parent=1369"}],"curies":[{"name":"wp","href":"https:\/\/api.w.org\/{rel}","templated":true}]}}