{"id":1395,"date":"2018-06-20T09:40:43","date_gmt":"2018-06-20T12:40:43","guid":{"rendered":"https:\/\/www.labguemes.com.ar\/web\/?page_id=1395"},"modified":"2019-11-28T17:05:14","modified_gmt":"2019-11-28T20:05:14","slug":"premios","status":"publish","type":"page","link":"https:\/\/www.labguemes.com.ar\/web\/premios\/","title":{"rendered":"Premios"},"content":{"rendered":"<p>[vc_row][vc_column]    <div class=\"container\">\n        <div class=\"main-title \">\n\t\t\t<h2>Premio Provincial a la Calidad<\/h2><p>A\u00f1o 2014<\/p>        <\/div>\n    <\/div>\n\t[\/vc_column][\/vc_row][vc_row css=\u00bb.vc_custom_1529498557991{margin-right: 20px !important;margin-left: 20px !important;border-right-width: 20px !important;border-left-width: 20px !important;padding-right: 20px !important;padding-left: 20px !important;}\u00bb][vc_column][vc_column_text]Por todo el trabajo que el Laboratorio Guemes ha venido realizado en gesti\u00f3n de calidad, fuimos merecedores del Premio Provincial a la Calidad en el a\u00f1o 2014; el mismo representa un orgullo para todos quienes formamos parte del laboratorio ya que se trata de un reconocimiento a la labor realizada en beneficio de ustedes, nuestros clientes.<\/p>\n<p>&nbsp;<\/p>\n<p><a href=\"https:\/\/www.labguemes.com.ar\/web\/wp-content\/uploads\/2018\/06\/Imagen1.jpg\"><img loading=\"lazy\" decoding=\"async\" class=\"aligncenter wp-image-1396 size-full\" src=\"https:\/\/www.labguemes.com.ar\/web\/wp-content\/uploads\/2018\/06\/Imagen1.jpg\" alt=\"\" width=\"599\" height=\"439\" srcset=\"https:\/\/www.labguemes.com.ar\/web\/wp-content\/uploads\/2018\/06\/Imagen1.jpg 599w, https:\/\/www.labguemes.com.ar\/web\/wp-content\/uploads\/2018\/06\/Imagen1-300x220.jpg 300w\" sizes=\"auto, (max-width: 599px) 100vw, 599px\" \/><\/a>[\/vc_column_text][\/vc_column][\/vc_row][vc_row content_placement=\u00bbmiddle\u00bb css=\u00bb.vc_custom_1529847225630{margin-right: 30px !important;margin-left: 30px !important;border-right-width: 20px !important;border-left-width: 20px !important;padding-right: 20px !important;padding-left: 20px !important;}\u00bb][vc_column][vc_video link=\u00bbhttps:\/\/www.youtube.com\/watch?v=f2XPpAHS5Ls&amp;t=2s\u00bb el_width=\u00bb80&#8243; align=\u00bbcenter\u00bb css_animation=\u00bbfadeIn\u00bb][\/vc_column][\/vc_row][vc_row][vc_column][vc_empty_space][\/vc_column][\/vc_row][vc_row][vc_column]    <div class=\"container\">\n        <div class=\"main-title \">\n\t\t\t<h2>Global Business Award <\/h2><p>Mayo de 2016<\/p>        <\/div>\n    <\/div>\n\t[\/vc_column][\/vc_row][vc_row][vc_column][vc_column_text css=\u00bb.vc_custom_1529846493517{margin-right: 20px !important;margin-left: 20px !important;border-right-width: 20px !important;border-left-width: 20px !important;padding-right: 20px !important;padding-left: 20px !important;}\u00bb]Asimismo, por su labor en la direcci\u00f3n, el Dr. Luis Lugo ha sido galardonado con el premio Global Business Award en Mayo de 2016, el mismo es un reconocimiento internacional a la excelencia en la administraci\u00f3n y gesti\u00f3n de su empresa, el Laboratorio Guemes Alta Complejidad. Este premio fue otorgado por Global Business Corporation en la ciudad de Cusco, Per\u00fa.[\/vc_column_text][\/vc_column][\/vc_row][vc_row][vc_column width=\u00bb1\/2&#8243;][vc_single_image image=\u00bb1406&#8243; img_size=\u00bb461&#215;768&#8243; style=\u00bbvc_box_shadow\u00bb css=\u00bb.vc_custom_1529846656705{margin-left: 30px !important;border-left-width: 20px !important;padding-left: 20px !important;}\u00bb][\/vc_column][vc_column width=\u00bb1\/2&#8243;][vc_video link=\u00bbhttps:\/\/www.youtube.com\/watch?v=IRnV6TNr5Eo\u00bb align=\u00bbright\u00bb css=\u00bb.vc_custom_1529857883149{margin-top: 20px !important;margin-right: 30px !important;border-top-width: 20px !important;border-right-width: 20px !important;padding-top: 20px !important;padding-right: 20px !important;}\u00bb][\/vc_column][\/vc_row][vc_row][vc_column][vc_empty_space][\/vc_column][\/vc_row][vc_row][vc_column]    <div class=\"container\">\n        <div class=\"main-title \">\n\t\t\t<h2>Global Business Award<\/h2><p>Mayo 2017<\/p>        <\/div>\n    <\/div>\n\t[\/vc_column][\/vc_row][vc_row][vc_column][vc_column_text css=\u00bb.vc_custom_1529845789749{margin-right: 20px !important;margin-left: 20px !important;border-right-width: 20px !important;border-left-width: 20px !important;padding-right: 20px !important;padding-left: 20px !important;}\u00bb]Nuevamente en Mayo de 2017, por su labor en la direcci\u00f3n, el Dr. Luis Lugo ha sido galardonado con el premio Global Business Award en Mayo de 2016, en la ciudad de Rio de Janeiro, Brasil. La participaci\u00f3n en el Premio constituye para las empresas, adem\u00e1s de la oportunidad de evaluar su gesti\u00f3n organizacional, compararse con las mejores compa\u00f1\u00edas internacionales y recibir retroalimentaci\u00f3n para implementar y mejorar dicha gesti\u00f3n.[\/vc_column_text][\/vc_column][\/vc_row][vc_row][vc_column width=\u00bb1\/2&#8243;][vc_video link=\u00bbhttps:\/\/www.youtube.com\/watch?v=m9ZTNWhn2yE\u00bb align=\u00bbright\u00bb css=\u00bb.vc_custom_1529846267826{margin-top: 30px !important;margin-left: 30px !important;border-top-width: 20px !important;border-left-width: 20px !important;padding-top: 20px !important;padding-left: 20px !important;}\u00bb][\/vc_column][vc_column width=\u00bb1\/2&#8243;][vc_single_image image=\u00bb1409&#8243; img_size=\u00bb461&#215;768&#8243; alignment=\u00bbcenter\u00bb][\/vc_column][\/vc_row][vc_row][vc_column][vc_empty_space][\/vc_column][\/vc_row][vc_row][vc_column]    <div class=\"container\">\n        <div class=\"main-title \">\n\t\t\t<h2>The Winner Award <\/h2><p>Enero de 2017<\/p>        <\/div>\n    <\/div>\n\t[\/vc_column][\/vc_row][vc_row][vc_column][vc_column_text css=\u00bb.vc_custom_1529500474823{margin-right: 20px !important;margin-left: 20px !important;border-right-width: 20px !important;border-left-width: 20px !important;padding-right: 20px !important;padding-left: 20px !important;}\u00bb]El Laboratorio G\u00fcemes, tambi\u00e9n ha sido nominado para el premio The Winner Awards 2017 en la categor\u00eda Laboratorio de An\u00e1lisis Cl\u00ednicos. Este reconocimiento es otorgado por Magazine Top International Business, con 15 a\u00f1os de trayectoria actuando en el mercado de la publicidad, difundido\u00a0en m\u00e1s de 40 pa\u00edses. La ceremonia de premiaci\u00f3n se llev\u00f3 a cabo en San Pablo, Brasil, en Enero de 2017.<\/p>\n<p>The Winner Awards est\u00e1 orientado a peque\u00f1as, medianas y grandes empresas, as\u00ed como a personalidades que se han destacado en sus actividades.[\/vc_column_text][\/vc_column][\/vc_row][vc_row][vc_column width=\u00bb1\/2&#8243;][vc_single_image image=\u00bb1411&#8243; img_size=\u00bb461&#215;768&#8243; style=\u00bbvc_box_shadow\u00bb css=\u00bb.vc_custom_1529501324162{margin-left: 30px !important;border-left-width: 20px !important;padding-left: 20px !important;}\u00bb][\/vc_column][vc_column width=\u00bb1\/2&#8243;][vc_video link=\u00bbhttps:\/\/www.youtube.com\/watch?v=kc-uL4I8PSo\u00bb align=\u00bbright\u00bb css=\u00bb.vc_custom_1529500969752{margin-top: 20px !important;margin-right: 30px !important;border-top-width: 20px !important;border-right-width: 20px !important;padding-top: 20px !important;padding-right: 20px !important;}\u00bb][\/vc_column][\/vc_row][vc_row][vc_column][vc_empty_space][\/vc_column][\/vc_row][vc_row][vc_column]    <div class=\"container\">\n        <div class=\"main-title \">\n\t\t\t<h2>The Bizz 2017<\/h2><p>World Business Leader<\/p>        <\/div>\n    <\/div>\n\t[\/vc_column][\/vc_row][vc_row][vc_column][vc_column_text css=\u00bb.vc_custom_1529847078237{margin-right: 20px !important;margin-left: 20px !important;border-right-width: 20px !important;border-left-width: 20px !important;padding-right: 20px !important;padding-left: 20px !important;}\u00bb]El laboratorio G\u00fcemes ha sido premiado en esta oportunidad con el premio The Bizz 2017 en la categor\u00eda World Business Leader (Empresa Lider Mundial).<\/p>\n<p>La ceremonia de premiaci\u00f3n se llev\u00f3 a cabo el pasado 15 de Noviembre de 2017 en el Hotel Burj Al Arab, en DUBAI, Emiratos \u00c1rabes Unidos.<\/p>\n<p>En esta oportunidad, el Director del Laboratorio G\u00fcemes, Dr. Luis Lugo fue reconocido como World Leader Businessperson \u00a0(Empresario L\u00edder Mundial) y tambi\u00e9n la Dra. Natalia Lugo, en la categor\u00eda Excellence in Business Leadership (Excelencia en liderazgo empresarial).<\/p>\n<p>THE BIZZ, es otorgado por World Confederation of Businesses, WORLDCOB, y el mismo es uno de los premios empresariales m\u00e1s importantes a nivel mundial, el cual re\u00fane y reconoce a aquellos empresarios l\u00edderes en sus rubros, que contribuyen al crecimiento econ\u00f3mico de su pa\u00eds y del mundo, convirti\u00e9ndose as\u00ed en modelos a seguir.[\/vc_column_text][\/vc_column][\/vc_row][vc_row content_placement=\u00bbmiddle\u00bb css=\u00bb.vc_custom_1529847225630{margin-right: 30px !important;margin-left: 30px !important;border-right-width: 20px !important;border-left-width: 20px !important;padding-right: 20px !important;padding-left: 20px !important;}\u00bb][vc_column][vc_video link=\u00bbhttps:\/\/www.youtube.com\/watch?v=pVb2eAc0mvM\u00bb el_width=\u00bb80&#8243; align=\u00bbcenter\u00bb css_animation=\u00bbfadeIn\u00bb][\/vc_column][\/vc_row][vc_row][vc_column][vc_empty_space][\/vc_column][\/vc_row][vc_row][vc_column]    <div class=\"container\">\n        <div class=\"main-title \">\n\t\t\t<h2>Premio Latin American Quality Awards<\/h2><p>Global Quality Certification<\/p>        <\/div>\n    <\/div>\n\t[\/vc_column][\/vc_row][vc_row][vc_column][vc_column_text css=\u00bb.vc_custom_1544374424160{margin-right: 20px !important;margin-left: 20px !important;border-right-width: 20px !important;border-left-width: 20px !important;padding-right: 20px !important;padding-left: 20px !important;}\u00bb]El Laboratorio G\u00fcemes, ha sido premiado en esta oportunidad con el Premio Latin American Quality Awards, por su labor constante en la gesti\u00f3n de la calidad.<\/p>\n<p>La ceremonia de premiaci\u00f3n se llev\u00f3 a cabo en el mes de Noviembre de 2018 en el Hotel Enjoy Punta del Este.[\/vc_column_text][\/vc_column][\/vc_row][vc_row][vc_column width=\u00bb1\/2&#8243;][vc_single_image image=\u00bb1898&#8243; img_size=\u00bblarge\u00bb style=\u00bbvc_box_shadow\u00bb css=\u00bb.vc_custom_1544374608129{margin-left: 30px !important;border-left-width: 20px !important;padding-left: 20px !important;}\u00bb][\/vc_column][vc_column width=\u00bb1\/2&#8243;][vc_video link=\u00bbhttps:\/\/www.youtube.com\/watch?v=UVaN1bqaoZc\u00bb align=\u00bbright\u00bb css=\u00bb.vc_custom_1544374508416{margin-top: 20px !important;margin-right: 30px !important;border-top-width: 20px !important;border-right-width: 20px !important;padding-top: 20px !important;padding-right: 20px !important;}\u00bb][\/vc_column][\/vc_row][vc_row][vc_column][vc_video link=\u00bbhttps:\/\/www.youtube.com\/watch?v=lhoP7AJBLUU&amp;t=51s\u00bb el_width=\u00bb80&#8243; align=\u00bbcenter\u00bb][\/vc_column][\/vc_row][vc_row][vc_column][vc_empty_space][\/vc_column][\/vc_row][vc_row][vc_column]    <div class=\"container\">\n        <div class=\"main-title \">\n\t\t\t<h2>Premio Peak of Success<\/h2><p>World Confederation of Bussineses<\/p>        <\/div>\n    <\/div>\n\t[\/vc_column][\/vc_row][vc_row][vc_column][vc_column_text css=\u00bb.vc_custom_1569962770441{margin-right: 20px !important;margin-left: 20px !important;border-right-width: 20px !important;border-left-width: 20px !important;padding-right: 20px !important;padding-left: 20px !important;}\u00bb]El premio PEAK OF SUCCESS 2019, creado por WORLDCOB,\u00a0 est\u00e1 destinado para lass empresas ganadoras de THE BIZZ AWARDS\u00a0 en ediciones anteriores y que hayan mantenido en todos estos a\u00f1os un \u00e9xito continuo. Esto es debido a que WORLDCOB (World Confederation of Bussineses) reconoce que no es f\u00e1cil llegar a la cima pero es m\u00e1s dif\u00edcil poder mantenerse.<\/p>\n<p>La ceremonia de premiaci\u00f3n se llev\u00f3 a cabo en el mes de Agosto de 2019 en el Hotel Intercontinental Mark Hopkins, en la ciudad de San Francisco, California, EEUU.<\/p>\n<p>[\/vc_column_text][\/vc_column][\/vc_row][vc_row][vc_column width=\u00bb1\/2&#8243;][vc_single_image image=\u00bb2088&#8243; img_size=\u00bb886&#215;1225&#8243;][\/vc_column][vc_column width=\u00bb1\/2&#8243;][vc_video link=\u00bbhttps:\/\/www.youtube.com\/watch?v=1Msr11BQqN4&#8243; align=\u00bbright\u00bb][\/vc_column][\/vc_row]<\/p>\n","protected":false},"excerpt":{"rendered":"<p>[vc_row][vc_column][\/vc_column][\/vc_row][vc_row css=\u00bb.vc_custom_1529498557991{margin-right: 20px !important;margin-left: 20px !important;border-right-width: 20px !important;border-left-width: 20px !important;padding-right: 20px !important;padding-left: 20px !important;}\u00bb][vc_column][vc_column_text]Por todo el trabajo que el Laboratorio Guemes ha venido realizado en gesti\u00f3n de calidad, fuimos merecedores del Premio Provincial a la Calidad en el a\u00f1o 2014; el mismo representa un orgullo para todos quienes formamos parte del laboratorio ya que se trata de un reconocimiento a la labor realizada en beneficio de ustedes, nuestros clientes. &nbsp; [\/vc_column_text][\/vc_column][\/vc_row][vc_row content_placement=\u00bbmiddle\u00bb css=\u00bb.vc_custom_1529847225630{margin-right: 30px !important;margin-left: 30px !important;border-right-width: 20px !important;border-left-width: 20px !important;padding-right: 20px !important;padding-left: 20px !important;}\u00bb][vc_column][vc_video link=\u00bbhttps:\/\/www.youtube.com\/watch?v=f2XPpAHS5Ls&amp;t=2s\u00bb el_width=\u00bb80&#8243; align=\u00bbcenter\u00bb css_animation=\u00bbfadeIn\u00bb][\/vc_column][\/vc_row][vc_row][vc_column][vc_empty_space][\/vc_column][\/vc_row][vc_row][vc_column][\/vc_column][\/vc_row][vc_row][vc_column][vc_column_text css=\u00bb.vc_custom_1529846493517{margin-right: 20px !important;margin-left: 20px !important;border-right-width: 20px !important;border-left-width: 20px !important;padding-right: 20px !important;padding-left: 20px !important;}\u00bb]Asimismo, por su labor en la direcci\u00f3n, el Dr. Luis Lugo ha sido galardonado con el premio Global Business Award en Mayo de 2016, el mismo es un reconocimiento internacional a la excelencia en la administraci\u00f3n y gesti\u00f3n de su empresa, el Laboratorio Guemes Alta Complejidad. Este premio fue otorgado por Global Business Corporation en la ciudad de Cusco, Per\u00fa.[\/vc_column_text][\/vc_column][\/vc_row][vc_row][vc_column width=\u00bb1\/2&#8243;][vc_single_image image=\u00bb1406&#8243; img_size=\u00bb461&#215;768&#8243; style=\u00bbvc_box_shadow\u00bb css=\u00bb.vc_custom_1529846656705{margin-left: 30px !important;border-left-width: 20px !important;padding-left: 20px !important;}\u00bb][\/vc_column][vc_column width=\u00bb1\/2&#8243;][vc_video link=\u00bbhttps:\/\/www.youtube.com\/watch?v=IRnV6TNr5Eo\u00bb align=\u00bbright\u00bb css=\u00bb.vc_custom_1529857883149{margin-top: 20px !important;margin-right: 30px !important;border-top-width: 20px !important;border-right-width: 20px !important;padding-top: 20px !important;padding-right: 20px !important;}\u00bb][\/vc_column][\/vc_row][vc_row][vc_column][vc_empty_space][\/vc_column][\/vc_row][vc_row][vc_column][\/vc_column][\/vc_row][vc_row][vc_column][vc_column_text css=\u00bb.vc_custom_1529845789749{margin-right: 20px !important;margin-left: 20px !important;border-right-width: 20px !important;border-left-width: 20px !important;padding-right: 20px !important;padding-left: 20px !important;}\u00bb]Nuevamente en Mayo de 2017, por su labor en la direcci\u00f3n, el Dr. Luis Lugo ha sido galardonado con el premio Global Business Award en Mayo de 2016, en la ciudad de Rio de Janeiro, Brasil. La participaci\u00f3n en el Premio constituye para las empresas, adem\u00e1s de la oportunidad de evaluar su gesti\u00f3n organizacional, compararse con las mejores compa\u00f1\u00edas internacionales y recibir retroalimentaci\u00f3n para implementar y mejorar dicha gesti\u00f3n.[\/vc_column_text][\/vc_column][\/vc_row][vc_row][vc_column width=\u00bb1\/2&#8243;][vc_video link=\u00bbhttps:\/\/www.youtube.com\/watch?v=m9ZTNWhn2yE\u00bb align=\u00bbright\u00bb css=\u00bb.vc_custom_1529846267826{margin-top: 30px !important;margin-left: 30px !important;border-top-width: 20px !important;border-left-width: 20px !important;padding-top: 20px !important;padding-left: 20px !important;}\u00bb][\/vc_column][vc_column width=\u00bb1\/2&#8243;][vc_single_image image=\u00bb1409&#8243; img_size=\u00bb461&#215;768&#8243; alignment=\u00bbcenter\u00bb][\/vc_column][\/vc_row][vc_row][vc_column][vc_empty_space][\/vc_column][\/vc_row][vc_row][vc_column][\/vc_column][\/vc_row][vc_row][vc_column][vc_column_text css=\u00bb.vc_custom_1529500474823{margin-right: 20px !important;margin-left: 20px !important;border-right-width: 20px !important;border-left-width: 20px !important;padding-right: 20px !important;padding-left: 20px !important;}\u00bb]El Laboratorio G\u00fcemes, tambi\u00e9n ha sido nominado para el premio The Winner Awards 2017 en la categor\u00eda Laboratorio de An\u00e1lisis Cl\u00ednicos. Este reconocimiento es otorgado por Magazine Top International Business, con 15 a\u00f1os de trayectoria actuando en el mercado de la publicidad, difundido\u00a0en m\u00e1s de 40 pa\u00edses. La ceremonia de premiaci\u00f3n se llev\u00f3 a cabo en San Pablo, Brasil, en Enero de 2017. The Winner Awards est\u00e1 orientado a peque\u00f1as, medianas y grandes empresas, as\u00ed como a personalidades que se han destacado en sus actividades.[\/vc_column_text][\/vc_column][\/vc_row][vc_row][vc_column width=\u00bb1\/2&#8243;][vc_single_image image=\u00bb1411&#8243; img_size=\u00bb461&#215;768&#8243; style=\u00bbvc_box_shadow\u00bb css=\u00bb.vc_custom_1529501324162{margin-left: 30px !important;border-left-width: 20px !important;padding-left: 20px !important;}\u00bb][\/vc_column][vc_column width=\u00bb1\/2&#8243;][vc_video link=\u00bbhttps:\/\/www.youtube.com\/watch?v=kc-uL4I8PSo\u00bb align=\u00bbright\u00bb css=\u00bb.vc_custom_1529500969752{margin-top: 20px !important;margin-right: 30px !important;border-top-width: 20px !important;border-right-width: 20px !important;padding-top: 20px !important;padding-right: 20px !important;}\u00bb][\/vc_column][\/vc_row][vc_row][vc_column][vc_empty_space][\/vc_column][\/vc_row][vc_row][vc_column][\/vc_column][\/vc_row][vc_row][vc_column][vc_column_text css=\u00bb.vc_custom_1529847078237{margin-right: 20px !important;margin-left: 20px !important;border-right-width: 20px !important;border-left-width: 20px !important;padding-right: 20px !important;padding-left: 20px !important;}\u00bb]El laboratorio G\u00fcemes ha sido premiado en esta oportunidad con el premio The Bizz 2017 en la categor\u00eda World Business Leader (Empresa Lider Mundial). La ceremonia de premiaci\u00f3n se llev\u00f3 a cabo el pasado 15 de Noviembre de 2017 en el Hotel Burj Al Arab, en DUBAI, Emiratos \u00c1rabes Unidos. En esta oportunidad, el Director del Laboratorio G\u00fcemes, Dr. Luis Lugo fue reconocido como World Leader Businessperson \u00a0(Empresario L\u00edder Mundial) y tambi\u00e9n la Dra. Natalia [&hellip;]<\/p>\n","protected":false},"author":2,"featured_media":0,"parent":0,"menu_order":0,"comment_status":"closed","ping_status":"closed","template":"page-templates\/fluid-width.php","meta":{"footnotes":""},"class_list":["post-1395","page","type-page","status-publish","hentry"],"_links":{"self":[{"href":"https:\/\/www.labguemes.com.ar\/web\/wp-json\/wp\/v2\/pages\/1395","targetHints":{"allow":["GET"]}}],"collection":[{"href":"https:\/\/www.labguemes.com.ar\/web\/wp-json\/wp\/v2\/pages"}],"about":[{"href":"https:\/\/www.labguemes.com.ar\/web\/wp-json\/wp\/v2\/types\/page"}],"author":[{"embeddable":true,"href":"https:\/\/www.labguemes.com.ar\/web\/wp-json\/wp\/v2\/users\/2"}],"replies":[{"embeddable":true,"href":"https:\/\/www.labguemes.com.ar\/web\/wp-json\/wp\/v2\/comments?post=1395"}],"version-history":[{"count":45,"href":"https:\/\/www.labguemes.com.ar\/web\/wp-json\/wp\/v2\/pages\/1395\/revisions"}],"predecessor-version":[{"id":2348,"href":"https:\/\/www.labguemes.com.ar\/web\/wp-json\/wp\/v2\/pages\/1395\/revisions\/2348"}],"wp:attachment":[{"href":"https:\/\/www.labguemes.com.ar\/web\/wp-json\/wp\/v2\/media?parent=1395"}],"curies":[{"name":"wp","href":"https:\/\/api.w.org\/{rel}","templated":true}]}}