{"id":160,"date":"2018-04-20T23:35:16","date_gmt":"2018-04-20T23:35:16","guid":{"rendered":"https:\/\/www.labguemes.com.ar\/web\/?page_id=160"},"modified":"2018-05-06T22:21:06","modified_gmt":"2018-05-06T22:21:06","slug":"requisitos-para-derivar","status":"publish","type":"page","link":"https:\/\/www.labguemes.com.ar\/web\/derivaciones\/requisitos-para-derivar\/","title":{"rendered":"Requisitos para derivar"},"content":{"rendered":"<p>[vc_row][vc_column][vc_column_text]<\/p>\n<h5>Dr.\/Dra. Bioqu\u00edmico\/a Derivante:<\/h5>\n<p>Para derivar muestras al Laboratorio Guemes es requisito indispensable que descargue y complete la planilla RG-ADM-REC 023 que figura m\u00e1s abajo.<\/p>\n<p>Les recordamos que la omisi\u00f3n de alguno de los datos solicitados en la misma ser\u00e1 motivo de rechazo de la muestra por no poder efectuar una correcta identificaci\u00f3n del paciente ni poder comparar sus resultados contra los resultados hist\u00f3ricos con que cuenta nuestra base de datos.<\/p>\n<p class=\"link-comments\" align=\"center\"><strong>Descargar Formulario de Derivaci\u00f3n<\/strong><a href=\"https:\/\/www.labguemes.com.ar\/web\/wp-content\/uploads\/2018\/05\/RG-ADM-REC-023-FORMULARIO-DE-DERIVACION.jpg\"><img loading=\"lazy\" decoding=\"async\" class=\"aligncenter wp-image-978 size-large\" src=\"https:\/\/www.labguemes.com.ar\/web\/wp-content\/uploads\/2018\/05\/RG-ADM-REC-023-FORMULARIO-DE-DERIVACION-1024x724.jpg\" alt=\"\" width=\"710\" height=\"502\" srcset=\"https:\/\/www.labguemes.com.ar\/web\/wp-content\/uploads\/2018\/05\/RG-ADM-REC-023-FORMULARIO-DE-DERIVACION-1024x724.jpg 1024w, https:\/\/www.labguemes.com.ar\/web\/wp-content\/uploads\/2018\/05\/RG-ADM-REC-023-FORMULARIO-DE-DERIVACION-300x212.jpg 300w, https:\/\/www.labguemes.com.ar\/web\/wp-content\/uploads\/2018\/05\/RG-ADM-REC-023-FORMULARIO-DE-DERIVACION-768x543.jpg 768w\" sizes=\"auto, (max-width: 710px) 100vw, 710px\" \/><\/a><\/p>\n<p>[\/vc_column_text][\/vc_column][\/vc_row]<\/p>\n","protected":false},"excerpt":{"rendered":"<p>[vc_row][vc_column][vc_column_text] Dr.\/Dra. Bioqu\u00edmico\/a Derivante: Para derivar muestras al Laboratorio Guemes es requisito indispensable que descargue y complete la planilla RG-ADM-REC 023 que figura m\u00e1s abajo. Les recordamos que la omisi\u00f3n de alguno de los datos solicitados en la misma ser\u00e1 motivo de rechazo de la muestra por no poder efectuar una correcta identificaci\u00f3n del paciente ni poder comparar sus resultados contra los resultados hist\u00f3ricos con que cuenta nuestra base de datos. Descargar Formulario de Derivaci\u00f3n [\/vc_column_text][\/vc_column][\/vc_row]<\/p>\n","protected":false},"author":2,"featured_media":0,"parent":105,"menu_order":51,"comment_status":"closed","ping_status":"closed","template":"page-templates\/full-width.php","meta":{"footnotes":""},"class_list":["post-160","page","type-page","status-publish","hentry"],"_links":{"self":[{"href":"https:\/\/www.labguemes.com.ar\/web\/wp-json\/wp\/v2\/pages\/160","targetHints":{"allow":["GET"]}}],"collection":[{"href":"https:\/\/www.labguemes.com.ar\/web\/wp-json\/wp\/v2\/pages"}],"about":[{"href":"https:\/\/www.labguemes.com.ar\/web\/wp-json\/wp\/v2\/types\/page"}],"author":[{"embeddable":true,"href":"https:\/\/www.labguemes.com.ar\/web\/wp-json\/wp\/v2\/users\/2"}],"replies":[{"embeddable":true,"href":"https:\/\/www.labguemes.com.ar\/web\/wp-json\/wp\/v2\/comments?post=160"}],"version-history":[{"count":2,"href":"https:\/\/www.labguemes.com.ar\/web\/wp-json\/wp\/v2\/pages\/160\/revisions"}],"predecessor-version":[{"id":979,"href":"https:\/\/www.labguemes.com.ar\/web\/wp-json\/wp\/v2\/pages\/160\/revisions\/979"}],"up":[{"embeddable":true,"href":"https:\/\/www.labguemes.com.ar\/web\/wp-json\/wp\/v2\/pages\/105"}],"wp:attachment":[{"href":"https:\/\/www.labguemes.com.ar\/web\/wp-json\/wp\/v2\/media?parent=160"}],"curies":[{"name":"wp","href":"https:\/\/api.w.org\/{rel}","templated":true}]}}