{"id":285,"date":"2018-04-24T21:57:22","date_gmt":"2018-04-24T21:57:22","guid":{"rendered":"https:\/\/www.labguemes.com.ar\/web\/?page_id=285"},"modified":"2022-01-12T11:30:59","modified_gmt":"2022-01-12T14:30:59","slug":"analisis-de-rutina-quimica-clinica-hematologia-hemostasia","status":"publish","type":"page","link":"https:\/\/www.labguemes.com.ar\/web\/pacientes\/indicaciones-para-analisis-2\/analisis-de-rutina-quimica-clinica-hematologia-hemostasia\/","title":{"rendered":"An\u00e1lisis de Rutina: Qu\u00edmica Cl\u00ednica \/ Hematolog\u00eda \/ Hemostasia"},"content":{"rendered":"<p><a href=\"https:\/\/www.labguemes.com.ar\/web\/wp-content\/uploads\/2022\/01\/Instructivo-10-Analisis-de-Rutina.jpg\"><img loading=\"lazy\" decoding=\"async\" class=\"size-large wp-image-2603 aligncenter\" src=\"https:\/\/www.labguemes.com.ar\/web\/wp-content\/uploads\/2022\/01\/Instructivo-10-Analisis-de-Rutina-722x1024.jpg\" alt=\"\" width=\"710\" height=\"1007\" srcset=\"https:\/\/www.labguemes.com.ar\/web\/wp-content\/uploads\/2022\/01\/Instructivo-10-Analisis-de-Rutina-722x1024.jpg 722w, https:\/\/www.labguemes.com.ar\/web\/wp-content\/uploads\/2022\/01\/Instructivo-10-Analisis-de-Rutina-211x300.jpg 211w, https:\/\/www.labguemes.com.ar\/web\/wp-content\/uploads\/2022\/01\/Instructivo-10-Analisis-de-Rutina-768x1090.jpg 768w, https:\/\/www.labguemes.com.ar\/web\/wp-content\/uploads\/2022\/01\/Instructivo-10-Analisis-de-Rutina-1083x1536.jpg 1083w, https:\/\/www.labguemes.com.ar\/web\/wp-content\/uploads\/2022\/01\/Instructivo-10-Analisis-de-Rutina-1444x2048.jpg 1444w, https:\/\/www.labguemes.com.ar\/web\/wp-content\/uploads\/2022\/01\/Instructivo-10-Analisis-de-Rutina.jpg 1748w\" sizes=\"auto, (max-width: 710px) 100vw, 710px\" \/><\/a><\/p>\n","protected":false},"excerpt":{"rendered":"","protected":false},"author":2,"featured_media":0,"parent":919,"menu_order":10,"comment_status":"closed","ping_status":"closed","template":"page-templates\/fluid-width.php","meta":{"footnotes":""},"class_list":["post-285","page","type-page","status-publish","hentry"],"_links":{"self":[{"href":"https:\/\/www.labguemes.com.ar\/web\/wp-json\/wp\/v2\/pages\/285","targetHints":{"allow":["GET"]}}],"collection":[{"href":"https:\/\/www.labguemes.com.ar\/web\/wp-json\/wp\/v2\/pages"}],"about":[{"href":"https:\/\/www.labguemes.com.ar\/web\/wp-json\/wp\/v2\/types\/page"}],"author":[{"embeddable":true,"href":"https:\/\/www.labguemes.com.ar\/web\/wp-json\/wp\/v2\/users\/2"}],"replies":[{"embeddable":true,"href":"https:\/\/www.labguemes.com.ar\/web\/wp-json\/wp\/v2\/comments?post=285"}],"version-history":[{"count":3,"href":"https:\/\/www.labguemes.com.ar\/web\/wp-json\/wp\/v2\/pages\/285\/revisions"}],"predecessor-version":[{"id":2604,"href":"https:\/\/www.labguemes.com.ar\/web\/wp-json\/wp\/v2\/pages\/285\/revisions\/2604"}],"up":[{"embeddable":true,"href":"https:\/\/www.labguemes.com.ar\/web\/wp-json\/wp\/v2\/pages\/919"}],"wp:attachment":[{"href":"https:\/\/www.labguemes.com.ar\/web\/wp-json\/wp\/v2\/media?parent=285"}],"curies":[{"name":"wp","href":"https:\/\/api.w.org\/{rel}","templated":true}]}}