{"id":294,"date":"2018-04-24T22:05:59","date_gmt":"2018-04-24T22:05:59","guid":{"rendered":"https:\/\/www.labguemes.com.ar\/web\/?page_id=294"},"modified":"2025-06-15T12:46:48","modified_gmt":"2025-06-15T15:46:48","slug":"antigeno-especifico-de-prostata-psa","status":"publish","type":"page","link":"https:\/\/www.labguemes.com.ar\/web\/pacientes\/indicaciones-para-analisis-2\/antigeno-especifico-de-prostata-psa\/","title":{"rendered":"Ant\u00edgeno Espec\u00edfico de Pr\u00f3stata Total y Libre \u2013 PSA\/PSAL"},"content":{"rendered":"<p><a href=\"https:\/\/www.labguemes.com.ar\/web\/wp-content\/uploads\/2025\/06\/IP-13.jpg\"><img loading=\"lazy\" decoding=\"async\" class=\"size-large wp-image-2903 aligncenter\" src=\"https:\/\/www.labguemes.com.ar\/web\/wp-content\/uploads\/2025\/06\/IP-13-722x1024.jpg\" alt=\"\" width=\"710\" height=\"1007\" srcset=\"https:\/\/www.labguemes.com.ar\/web\/wp-content\/uploads\/2025\/06\/IP-13-722x1024.jpg 722w, https:\/\/www.labguemes.com.ar\/web\/wp-content\/uploads\/2025\/06\/IP-13-211x300.jpg 211w, https:\/\/www.labguemes.com.ar\/web\/wp-content\/uploads\/2025\/06\/IP-13-768x1090.jpg 768w, https:\/\/www.labguemes.com.ar\/web\/wp-content\/uploads\/2025\/06\/IP-13-1083x1536.jpg 1083w, https:\/\/www.labguemes.com.ar\/web\/wp-content\/uploads\/2025\/06\/IP-13-1444x2048.jpg 1444w, https:\/\/www.labguemes.com.ar\/web\/wp-content\/uploads\/2025\/06\/IP-13.jpg 1748w\" sizes=\"auto, (max-width: 710px) 100vw, 710px\" \/><\/a><\/p>\n","protected":false},"excerpt":{"rendered":"","protected":false},"author":2,"featured_media":0,"parent":919,"menu_order":13,"comment_status":"closed","ping_status":"closed","template":"page-templates\/fluid-width.php","meta":{"footnotes":""},"class_list":["post-294","page","type-page","status-publish","hentry"],"_links":{"self":[{"href":"https:\/\/www.labguemes.com.ar\/web\/wp-json\/wp\/v2\/pages\/294","targetHints":{"allow":["GET"]}}],"collection":[{"href":"https:\/\/www.labguemes.com.ar\/web\/wp-json\/wp\/v2\/pages"}],"about":[{"href":"https:\/\/www.labguemes.com.ar\/web\/wp-json\/wp\/v2\/types\/page"}],"author":[{"embeddable":true,"href":"https:\/\/www.labguemes.com.ar\/web\/wp-json\/wp\/v2\/users\/2"}],"replies":[{"embeddable":true,"href":"https:\/\/www.labguemes.com.ar\/web\/wp-json\/wp\/v2\/comments?post=294"}],"version-history":[{"count":6,"href":"https:\/\/www.labguemes.com.ar\/web\/wp-json\/wp\/v2\/pages\/294\/revisions"}],"predecessor-version":[{"id":2906,"href":"https:\/\/www.labguemes.com.ar\/web\/wp-json\/wp\/v2\/pages\/294\/revisions\/2906"}],"up":[{"embeddable":true,"href":"https:\/\/www.labguemes.com.ar\/web\/wp-json\/wp\/v2\/pages\/919"}],"wp:attachment":[{"href":"https:\/\/www.labguemes.com.ar\/web\/wp-json\/wp\/v2\/media?parent=294"}],"curies":[{"name":"wp","href":"https:\/\/api.w.org\/{rel}","templated":true}]}}