{"id":553,"date":"2016-09-08T03:47:40","date_gmt":"2016-09-08T03:47:40","guid":{"rendered":"http:\/\/pearlthemes.com\/theme\/medicalguide\/?page_id=286"},"modified":"2018-06-20T08:34:07","modified_gmt":"2018-06-20T11:34:07","slug":"nosotros","status":"publish","type":"page","link":"https:\/\/www.labguemes.com.ar\/web\/home\/nosotros\/","title":{"rendered":"Nosotros"},"content":{"rendered":"<p>[vc_row container=\u00bbtrue\u00bb css=\u00bb.vc_custom_1474001682228{padding-top: 0px !important;padding-bottom: 55px !important;}\u00bb][vc_column]    <div class=\"container\">\n        <div class=\"main-title \">\n\t\t\t<h2>Bienvenidos al <strong>Laboratorio G\u00fcemes<\/strong><\/h2><p>Somos un laboratorio de an\u00e1lisis cl\u00ednicos de alta, baja y mediana complejidad.<\/p>        <\/div>\n    <\/div>\n\t[vc_row_inner css=\u00bb.vc_custom_1474026104145{padding-right: 15px !important;padding-left: 15px !important;}\u00bb][vc_column_inner width=\u00bb7\/12&#8243;][vc_column_text css=\u00bb.vc_custom_1525558477506{margin-bottom: 35px !important;}\u00bb]<\/p>\n<h1>Quienes somos<\/h1>\n<p>El Laboratorio Guemes del Dr. Luis Lugo es un centro de gesti\u00f3n y producci\u00f3n de an\u00e1lisis cl\u00ednicos de alta baja y mediana complejidad.<\/p>\n<p>Cuenta con la capacidad de atender 500 pacientes por d\u00eda y realizar 10.000 an\u00e1lisis diarios y brinda \u00a0un alto nivel de seguridad en sus resultados porque aplica normas de calidad y combina tecnolog\u00eda de \u00faltima generaci\u00f3n, constante capacitaci\u00f3n del personal \u00a0y competencia profesional.[\/vc_column_text][\/vc_column_inner][vc_column_inner width=\u00bb5\/12&#8243;][vc_single_image image=\u00bb696&#8243; img_size=\u00bbfull\u00bb][\/vc_column_inner][\/vc_row_inner][vc_row_inner equal_height=\u00bbyes\u00bb css=\u00bb.vc_custom_1525566743374{padding-right: 15px !important;padding-left: 15px !important;}\u00bb][vc_column_inner width=\u00bb7\/12&#8243;][vc_column_text]<\/p>\n<h1>\u00bfPor qu\u00e9 elegirnos?<\/h1>\n<p>[\/vc_column_text]<ul id=\"pearl-accordion\" class=\"pearl-accordion\">            <li class=\"open\">\n                <div class=\"link\"><i class=\"icon-eye\"><\/i>Visi\u00f3n<i class=\"icon-chevron-down\"><\/i><\/div>\n                <ul class=\"submenu display-block\">\n                    <li>\n\t\t\t\t\t\t<p>Ser reconocido como un laboratorio de alta complejidad de excelencia en la regi\u00f3n, que\u00a0 ofrezca una imagen clara de honestidad, responsabilidad, compromiso y dedicaci\u00f3n por el trabajo realizado, en el que se destaque una filosof\u00eda de mejora continua tanto en el aspecto humano y t\u00e9cnico, que fortalezca la confianza en la exactitud y precisi\u00f3n de los resultados bioqu\u00edmicos.<br \/>\nConvertirnos en un laboratorio l\u00edder en la provincia del Chaco en el campo de los an\u00e1lisis cl\u00ednicos.<\/p>\n<p>&nbsp;<\/p>\n                    <\/li>\n                <\/ul>\n            <\/li>\n\t\t\t            <li class=\"\">\n                <div class=\"link\"><i class=\"icon-user\"><\/i>Misi\u00f3n<i class=\"icon-chevron-down\"><\/i><\/div>\n                <ul class=\"submenu \">\n                    <li>\n\t\t\t\t\t\t<p>Nuestra misi\u00f3n es la de contribuir a la conservaci\u00f3n y mejoramiento de la salud de las personas de la regi\u00f3n, a traves de la prestaci\u00f3n del servicio de an\u00e1lisis cl\u00ednicos, con la m\u00e1s alta calidad, garantizando la confianza en los resultados a trav\u00e9s del uso de equipos de \u00faltima generaci\u00f3n y con personal en constante capacitaci\u00f3n y enfocados en el servicio, buscando satisfacer las expectativas de los clientes.<\/p>\n<p>Nuestras actividades se basan en el liderazgo, la honestidad y la \u00e9tica profesional, para lograr la mejora continua en la entrega de un servicio de alta calidad.<\/p>\n                    <\/li>\n                <\/ul>\n            <\/li>\n\t\t\t            <li class=\"\">\n                <div class=\"link\"><i class=\"icon-doctor\"><\/i>Valores<i class=\"icon-chevron-down\"><\/i><\/div>\n                <ul class=\"submenu \">\n                    <li>\n\t\t\t\t\t\t<p>El marco de referencia que inspira y regula la vida de nuestra organizaci\u00f3n, est\u00e1n asentados en la siguiente declaraci\u00f3n de valores:<\/p>\n<ul>\n<li>Lideramos con el ejemplo<\/li>\n<li>Trabajamos en equipo<\/li>\n<li>Respetamos a la persona<\/li>\n<li>Analizamos los hechos y brindamos nuestra opini\u00f3n<\/li>\n<li>Nos comunicamos abierta y honestamente<\/li>\n<li>Nos comprometemos con la comunidad del Chaco<\/li>\n<li>Cuando detectamos un error, damos la cara y lo enfrentamos<\/li>\n<li><u>Ante todo, actuamos con integridad<\/u><\/li>\n<\/ul>\n                    <\/li>\n                <\/ul>\n            <\/li>\n\t\t\t            <li class=\"\">\n                <div class=\"link\"><i class=\"icon-clipboard6\"><\/i>Pol\u00edtica de Calidad<i class=\"icon-chevron-down\"><\/i><\/div>\n                <ul class=\"submenu \">\n                    <li>\n\t\t\t\t\t\t<p><strong>El Laboratorio G\u00fcemes se compromete a organizar su trabajo de modo tal que las variables que intervienen en la realizaci\u00f3n del mismo est\u00e9n controladas y lograr as\u00ed SEGURIDAD EN EL RESULTADO. <\/strong><\/p>\n<p>Para lograrlo nos basamos en:<\/p>\n<p>\u2022 Propiciar acciones de mejora en un esquema de Gesti\u00f3n de Calidad con la participaci\u00f3n del personal y facilitando las relaciones entre todas las partes pertinentes interesadas.<\/p>\n<p>\u2022 Capacitar al personal para lograr un alto nivel de responsabilidad y eficacia en el cumplimiento de las tareas.<\/p>\n<p>\u2022 Perfeccionar los procesos en la b\u00fasqueda de productividad, utilizando t\u00e9cnicas y tecnolog\u00eda de avanzada y teniendo presente la seguridad del personal y las partes pertinentes interesadas.Seleccionar proveedores en base a la calidad de los productos y servicios ofrecidos y estimulando su desarrollo.<\/p>\n<p>\u2022 Asegurar la eficacia y el mejoramiento continuo del SGC a trav\u00e9s de Auditor\u00edas Internas y Auditor\u00edas Externas.<\/p>\n<p>Esta Pol\u00edtica de Calidad, junto con los requisitos legales y los pactados con el cliente, brindan el marco de referencia para establecer los objetivos de calidad, los que son revisados y actualizados peri\u00f3dicamente con el fin de mejorar la eficacia de los procesos.<\/p>\n<p>Es de importancia fundamental asegurar la difusi\u00f3n, entendimiento y aplicaci\u00f3n de esta pol\u00edtica a trav\u00e9s de todos los niveles del laboratorio, bajo la responsabilidad de la Direcci\u00f3n.<\/p>\n<p style=\"text-align: right;\">Dr. Luis Lugo<\/p>\n<p style=\"text-align: right;\">Director<\/p>\n<p>&nbsp;<\/p>\n<p>Revisi\u00f2n N\u00b0 0<\/p>\n<p>Septiembre 2024<\/p>\n                    <\/li>\n                <\/ul>\n            <\/li>\n\t\t\t<\/div>[\/vc_column_inner][\/vc_row_inner][\/vc_column][\/vc_row][vc_row][vc_column][vc_video link=\u00bbhttps:\/\/www.youtube.com\/watch?v=nWIOpqz_x4Y&amp;t=28s\u00bb align=\u00bbcenter\u00bb css_animation=\u00bbslideInRight\u00bb][\/vc_column][\/vc_row][vc_row css=\u00bb.vc_custom_1525732488080{margin-right: 5px !important;margin-left: 5px !important;border-right-width: 5px !important;border-left-width: 5px !important;padding-right: 5px !important;padding-left: 5px !important;border-left-style: none !important;border-right-style: none !important;border-radius: 3px !important;}\u00bb][vc_column]    <div class=\"container\">\n        <div class=\"main-title \">\n\t\t\t<h2>Nos especializamos en:<\/h2>        <\/div>\n    <\/div>\n\t            <ul class=\"pearl-list-one columns\">\n\t\t\t\t<li><span>Endocrinolog\u00eda<\/span><\/li><li><span>Inmunolog\u00eda<\/span><\/li><li><span>Virolog\u00eda<\/span><\/li><li><span>Biolog\u00eda y Gen\u00e9tica Molecular<\/span><\/li><li><span>Hemostasia<\/span><\/li><li><span>Qu\u00edmica<\/span><\/li><li><span>Errores cong\u00e9nitos del metabolismo<\/span><\/li><li><span>Toxicolog\u00eda de Abuso<\/span><\/li><li><span>Toxicolog\u00eda Terap\u00e9utica<\/span><\/li><li><span>Toxicolog\u00eda Industrial<\/span><\/li><li><span>Hematolog\u00eda<\/span><\/li><li><span>Microbiolog\u00eda<\/span><\/li><li><span>Citogen\u00e9tica<\/span><\/li><li><span>Bromatolog\u00eda<\/span><\/li><li><span>Veterinaria<\/span><\/li>            <\/ul>\n\t\t\t\n\t\t[\/vc_column][\/vc_row][vc_row][vc_column][vc_empty_space][\/vc_column][\/vc_row][vc_row full_height=\u00bbyes\u00bb parallax=\u00bbcontent-moving\u00bb css_animation=\u00bbfadeInDown\u00bb][vc_column parallax=\u00bbcontent-moving\u00bb parallax_image=\u00bb1169&#8243;]    <div class=\"dr-quote\">\n        <div class=\"container\">\n            <div class=\"row\">\n                <div class=\"col-md-12\">\n\t\t\t\t\t<span class=\"quote\">\"Brindamos a los pacientes la posibilidad de realizarse todo tipo de estudios sin salir de la provincia.\"<\/span>                <\/div>\n            <\/div>\n        <\/div>\n    <\/div>\n\t[\/vc_column][\/vc_row][vc_row][vc_column][vc_empty_space][\/vc_column][\/vc_row][vc_row container=\u00bbtrue\u00bb css=\u00bb.vc_custom_1527257895190{margin-right: 10px !important;margin-left: 10px !important;border-right-width: 10px !important;border-left-width: 10px !important;padding-right: 10px !important;padding-left: 10px !important;}\u00bb][vc_column width=\u00bb1\/2&#8243;][vc_column_text css_animation=\u00bbnone\u00bb]<\/p>\n<h1 style=\"text-align: center;\"><span style=\"color: #ff00ff;\">Contamos con Baires Lab<\/span><\/h1>\n<h5 style=\"text-align: center;\">CENTRO ANALITICO DE PROCESAMIENTO DE MUESTRAS<\/h5>\n<p>BairesLab es un centro de procesamiento anal\u00edtico de muestras de nuestra propiedad, ubicado en Capital Federal.<a href=\"https:\/\/www.labguemes.com.ar\/web\/wp-content\/uploads\/2018\/05\/baireslab-logo.png\"><img loading=\"lazy\" decoding=\"async\" class=\"size-medium wp-image-910 aligncenter\" src=\"https:\/\/www.labguemes.com.ar\/web\/wp-content\/uploads\/2018\/05\/baireslab-logo-300x91.png\" alt=\"\" width=\"300\" height=\"91\" srcset=\"https:\/\/www.labguemes.com.ar\/web\/wp-content\/uploads\/2018\/05\/baireslab-logo-300x91.png 300w, https:\/\/www.labguemes.com.ar\/web\/wp-content\/uploads\/2018\/05\/baireslab-logo.png 550w\" sizes=\"auto, (max-width: 300px) 100vw, 300px\" \/><\/a><\/p>\n<p>Este laboratorio cuenta con la m\u00e1s moderna tecnolog\u00eda para resolver an\u00e1lisis de mediana y alta complejidad.[\/vc_column_text][\/vc_column][vc_column width=\u00bb1\/2&#8243;][vc_column_text]<\/p>\n<h1 style=\"text-align: center;\"><span style=\"color: #ff00ff;\">Somos miembro de ALAC<\/span><\/h1>\n<h5 style=\"text-align: center;\">ASOCIACION DE LABORATORIOS DE ALTA COMPLEJIDAD DE LA REPUBLICA ARGENTINA<\/h5>\n<p><a href=\"https:\/\/www.labguemes.com.ar\/web\/wp-content\/uploads\/2018\/05\/logo-alac-1.jpg\"><img loading=\"lazy\" decoding=\"async\" class=\"size-medium wp-image-884 aligncenter\" src=\"https:\/\/www.labguemes.com.ar\/web\/wp-content\/uploads\/2018\/05\/logo-alac-1-300x83.jpg\" alt=\"\" width=\"300\" height=\"83\" srcset=\"https:\/\/www.labguemes.com.ar\/web\/wp-content\/uploads\/2018\/05\/logo-alac-1-300x83.jpg 300w, https:\/\/www.labguemes.com.ar\/web\/wp-content\/uploads\/2018\/05\/logo-alac-1-712x198.jpg 712w, https:\/\/www.labguemes.com.ar\/web\/wp-content\/uploads\/2018\/05\/logo-alac-1.jpg 714w\" sizes=\"auto, (max-width: 300px) 100vw, 300px\" \/><\/a><\/p>\n<p>Esta red conformada por 60 laboratorios de todo el pa\u00eds, trabaja en forma asociada y dispone de la tecnolog\u00eda, capacidad operativa y profesional que se necesitan para resolver todo tipo de an\u00e1lisis cl\u00ednicos existentes en el mercado nacional.[\/vc_column_text][\/vc_column][\/vc_row][vc_row][vc_column][vc_video link=\u00bbhttps:\/\/www.youtube.com\/watch?v=i7fpBxqpYJY&amp;t=29s\u00bb align=\u00bbcenter\u00bb css_animation=\u00bbnone\u00bb][\/vc_column][\/vc_row][vc_row][vc_column css=\u00bb.vc_custom_1527267563114{margin-right: 20px !important;margin-left: 20px !important;border-right-width: 20px !important;border-left-width: 20px !important;padding-right: 20px !important;padding-left: 20px !important;}\u00bb][vc_column_text]<\/p>\n<h2 style=\"text-align: center;\"><span style=\"color: #003366;\">Normas de Calidad IRAM ISO 9001:2015<\/span><\/h2>\n<p>El Laboratorio G\u00fcemes posee un Sistema de Gesti\u00f3n de Calidad certificado bajo normas IRAM ISO 9001:2015, que garantizan la veracidad, exactitud y precisi\u00f3n de sus resultados bioqu\u00edmicos.<\/p>\n<p><a href=\"https:\/\/www.labguemes.com.ar\/web\/wp-content\/uploads\/2018\/05\/iso-y-iqnet.jpg\"><img loading=\"lazy\" decoding=\"async\" class=\"size-medium wp-image-1190 aligncenter\" src=\"https:\/\/www.labguemes.com.ar\/web\/wp-content\/uploads\/2018\/05\/iso-y-iqnet-300x144.jpg\" alt=\"\" width=\"300\" height=\"144\" srcset=\"https:\/\/www.labguemes.com.ar\/web\/wp-content\/uploads\/2018\/05\/iso-y-iqnet-300x144.jpg 300w, https:\/\/www.labguemes.com.ar\/web\/wp-content\/uploads\/2018\/05\/iso-y-iqnet.jpg 342w\" sizes=\"auto, (max-width: 300px) 100vw, 300px\" \/><\/a>[\/vc_column_text][\/vc_column][\/vc_row]<\/p>\n","protected":false},"excerpt":{"rendered":"<p>[vc_row container=\u00bbtrue\u00bb css=\u00bb.vc_custom_1474001682228{padding-top: 0px !important;padding-bottom: 55px !important;}\u00bb][vc_column][vc_row_inner css=\u00bb.vc_custom_1474026104145{padding-right: 15px !important;padding-left: 15px !important;}\u00bb][vc_column_inner width=\u00bb7\/12&#8243;][vc_column_text css=\u00bb.vc_custom_1525558477506{margin-bottom: 35px !important;}\u00bb] Quienes somos El Laboratorio Guemes del Dr. Luis Lugo es un centro de gesti\u00f3n y producci\u00f3n de an\u00e1lisis cl\u00ednicos de alta baja y mediana complejidad. Cuenta con la capacidad de atender 500 pacientes por d\u00eda y realizar 10.000 an\u00e1lisis diarios y brinda \u00a0un alto nivel de seguridad en sus resultados porque aplica normas de calidad y combina tecnolog\u00eda de \u00faltima generaci\u00f3n, constante capacitaci\u00f3n del personal \u00a0y competencia profesional.[\/vc_column_text][\/vc_column_inner][vc_column_inner width=\u00bb5\/12&#8243;][vc_single_image image=\u00bb696&#8243; img_size=\u00bbfull\u00bb][\/vc_column_inner][\/vc_row_inner][vc_row_inner equal_height=\u00bbyes\u00bb css=\u00bb.vc_custom_1525566743374{padding-right: 15px !important;padding-left: 15px !important;}\u00bb][vc_column_inner width=\u00bb7\/12&#8243;][vc_column_text] \u00bfPor qu\u00e9 elegirnos? [\/vc_column_text][\/vc_column_inner][\/vc_row_inner][\/vc_column][\/vc_row][vc_row][vc_column][vc_video link=\u00bbhttps:\/\/www.youtube.com\/watch?v=nWIOpqz_x4Y&amp;t=28s\u00bb align=\u00bbcenter\u00bb css_animation=\u00bbslideInRight\u00bb][\/vc_column][\/vc_row][vc_row css=\u00bb.vc_custom_1525732488080{margin-right: 5px !important;margin-left: 5px !important;border-right-width: 5px !important;border-left-width: 5px !important;padding-right: 5px !important;padding-left: 5px !important;border-left-style: none !important;border-right-style: none !important;border-radius: 3px !important;}\u00bb][vc_column][\/vc_column][\/vc_row][vc_row][vc_column][vc_empty_space][\/vc_column][\/vc_row][vc_row full_height=\u00bbyes\u00bb parallax=\u00bbcontent-moving\u00bb css_animation=\u00bbfadeInDown\u00bb][vc_column parallax=\u00bbcontent-moving\u00bb parallax_image=\u00bb1169&#8243;][\/vc_column][\/vc_row][vc_row][vc_column][vc_empty_space][\/vc_column][\/vc_row][vc_row container=\u00bbtrue\u00bb css=\u00bb.vc_custom_1527257895190{margin-right: 10px !important;margin-left: 10px !important;border-right-width: 10px !important;border-left-width: 10px !important;padding-right: 10px !important;padding-left: 10px !important;}\u00bb][vc_column width=\u00bb1\/2&#8243;][vc_column_text css_animation=\u00bbnone\u00bb] Contamos con Baires Lab CENTRO ANALITICO DE PROCESAMIENTO DE MUESTRAS BairesLab es un centro de procesamiento anal\u00edtico de muestras de nuestra propiedad, ubicado en Capital Federal. Este laboratorio cuenta con la m\u00e1s moderna tecnolog\u00eda para resolver an\u00e1lisis de mediana y alta complejidad.[\/vc_column_text][\/vc_column][vc_column width=\u00bb1\/2&#8243;][vc_column_text] Somos miembro de ALAC ASOCIACION DE LABORATORIOS DE ALTA COMPLEJIDAD DE LA REPUBLICA ARGENTINA Esta red conformada por 60 laboratorios de todo el pa\u00eds, trabaja en forma asociada y dispone de la tecnolog\u00eda, capacidad operativa y profesional que se necesitan para resolver todo tipo de an\u00e1lisis cl\u00ednicos existentes en el mercado nacional.[\/vc_column_text][\/vc_column][\/vc_row][vc_row][vc_column][vc_video link=\u00bbhttps:\/\/www.youtube.com\/watch?v=i7fpBxqpYJY&amp;t=29s\u00bb align=\u00bbcenter\u00bb css_animation=\u00bbnone\u00bb][\/vc_column][\/vc_row][vc_row][vc_column css=\u00bb.vc_custom_1527267563114{margin-right: 20px !important;margin-left: 20px !important;border-right-width: 20px !important;border-left-width: 20px !important;padding-right: 20px !important;padding-left: 20px !important;}\u00bb][vc_column_text] Normas de Calidad IRAM ISO 9001:2015 El Laboratorio G\u00fcemes posee un Sistema de Gesti\u00f3n de Calidad certificado bajo normas IRAM ISO 9001:2015, que garantizan la veracidad, exactitud y precisi\u00f3n de sus resultados bioqu\u00edmicos. [\/vc_column_text][\/vc_column][\/vc_row]<\/p>\n","protected":false},"author":2,"featured_media":0,"parent":530,"menu_order":0,"comment_status":"closed","ping_status":"closed","template":"page-templates\/fluid-width.php","meta":{"footnotes":""},"class_list":["post-553","page","type-page","status-publish","hentry"],"_links":{"self":[{"href":"https:\/\/www.labguemes.com.ar\/web\/wp-json\/wp\/v2\/pages\/553","targetHints":{"allow":["GET"]}}],"collection":[{"href":"https:\/\/www.labguemes.com.ar\/web\/wp-json\/wp\/v2\/pages"}],"about":[{"href":"https:\/\/www.labguemes.com.ar\/web\/wp-json\/wp\/v2\/types\/page"}],"author":[{"embeddable":true,"href":"https:\/\/www.labguemes.com.ar\/web\/wp-json\/wp\/v2\/users\/2"}],"replies":[{"embeddable":true,"href":"https:\/\/www.labguemes.com.ar\/web\/wp-json\/wp\/v2\/comments?post=553"}],"version-history":[{"count":87,"href":"https:\/\/www.labguemes.com.ar\/web\/wp-json\/wp\/v2\/pages\/553\/revisions"}],"predecessor-version":[{"id":1392,"href":"https:\/\/www.labguemes.com.ar\/web\/wp-json\/wp\/v2\/pages\/553\/revisions\/1392"}],"up":[{"embeddable":true,"href":"https:\/\/www.labguemes.com.ar\/web\/wp-json\/wp\/v2\/pages\/530"}],"wp:attachment":[{"href":"https:\/\/www.labguemes.com.ar\/web\/wp-json\/wp\/v2\/media?parent=553"}],"curies":[{"name":"wp","href":"https:\/\/api.w.org\/{rel}","templated":true}]}}