{"id":919,"date":"2018-05-06T01:49:25","date_gmt":"2018-05-06T01:49:25","guid":{"rendered":"https:\/\/www.labguemes.com.ar\/web\/?page_id=919"},"modified":"2025-06-15T12:51:59","modified_gmt":"2025-06-15T15:51:59","slug":"indicaciones-para-analisis-2","status":"publish","type":"page","link":"https:\/\/www.labguemes.com.ar\/web\/pacientes\/indicaciones-para-analisis-2\/","title":{"rendered":"Indicaciones para an\u00e1lisis"},"content":{"rendered":"<p>[vc_row content_placement=\u00bbmiddle\u00bb container=\u00bbtrue\u00bb][vc_column][vc_column_text]<\/p>\n<div class=\"wpb_text_column wpb_content_element \">\n<div class=\"wpb_wrapper\">\n<p>Aqu\u00ed podr\u00e1 ver las horas de ayuno que necesita respetar o si requiere de alguna preparaci\u00f3n previa especial de acuerdo a los an\u00e1lisis que le haya indicado su m\u00e9dico realizarse.<\/p>\n<\/div>\n<\/div>\n<p>[\/vc_column_text][vc_column_text]<span style=\"color: #99ccff;\"><i class=\"fa fa-file-text \" ><\/i> <a href=\"https:\/\/www.labguemes.com.ar\/web\/pacientes\/extracciones-a-domicilio-sin-cargo\/\"><span style=\"color: #808080;\">Extracciones a domicilio SIN CARGO Consultar zona de cobertura<\/span><\/a><\/span>[\/vc_column_text][vc_column_text]<span style=\"color: #99ccff;\"><i class=\"fa fa-file-text \" ><\/i> <a href=\"https:\/\/www.labguemes.com.ar\/web\/pacientes\/como-consultar-y-descargar-los-resultados-desde-la-web\/\"><span style=\"color: #808080;\">Como consultar y descargar los resultados on line<\/span><\/a><\/span>[\/vc_column_text][vc_column_text]<span style=\"color: #99ccff;\"><i class=\"fa fa-file-text \" ><\/i> <a href=\"https:\/\/www.labguemes.com.ar\/web\/urocultivo-mujeres-y-ninas\/\"><span style=\"color: #808080;\">IP-1 Urocultivo Mujeres y Ni\u00f1as<\/span><\/a><\/span>[\/vc_column_text][vc_column_text]<span style=\"color: #99ccff;\"><i class=\"fa fa-file-text \" ><\/i> <a href=\"https:\/\/www.labguemes.com.ar\/web\/orina-completa\/\"><span style=\"color: #808080;\">IP-2 Orina Completa<\/span><\/a><\/span>[\/vc_column_text][vc_column_text]<span style=\"color: #99ccff;\"><i class=\"fa fa-file-text \" ><\/i> <a href=\"https:\/\/www.labguemes.com.ar\/web\/recoleccion-de-orina-para-calciuria-de-24-hs\/\"><span style=\"color: #808080;\">IP-3\u00a0 Recolecci\u00f3n de orina para calciuria de 24 hs.<\/span><\/a><\/span>[\/vc_column_text][vc_column_text]<span style=\"color: #99ccff;\"><i class=\"fa fa-file-text \" ><\/i> <a href=\"https:\/\/www.labguemes.com.ar\/web\/recoleccion-de-orina-de-24-hs\/\"><span style=\"color: #808080;\">IP-4 Recolecci\u00f3n de orina de 24 hs.<\/span><\/a><\/span>[\/vc_column_text][vc_column_text]<span style=\"color: #99ccff;\"><i class=\"fa fa-file-text \" ><\/i> <\/span><a href=\"https:\/\/www.labguemes.com.ar\/web\/microalbuminuria-24-hs-de-12-hs-y-en-orina-ocasional\/\">IP-5 Recoleccion de Orina para Microalbuminuria de 24 hs.<\/a>, y ocasional[\/vc_column_text][vc_column_text]<span style=\"color: #99ccff;\"><i class=\"fa fa-file-text \" ><\/i> <\/span><a href=\"https:\/\/www.labguemes.com.ar\/web\/glucemia-post-prandial-y-curva-de-glucemia\/\">IP-6 Realizaci\u00f3n de Glucemia post pandrial y curva de tolerancia oral a la glucosa<\/a>[\/vc_column_text][vc_column_text]<span style=\"color: #99ccff;\"><i class=\"fa fa-file-text \" ><\/i> <\/span><a href=\"https:\/\/www.labguemes.com.ar\/web\/sangre-oculta-en-materia-fecal\/\">IP-8 Determinacion de Sangre Oculta en Materia Fecal<\/a>[\/vc_column_text][vc_column_text]<span style=\"color: #99ccff;\"><i class=\"fa fa-file-text \" ><\/i> <\/span><a href=\"https:\/\/www.labguemes.com.ar\/web\/prolactina\/\">IP-9 Determinacion de Prolactina y Macroprolactina<\/a>[\/vc_column_text][vc_column_text]<span style=\"color: #99ccff;\"><i class=\"fa fa-file-text \" ><\/i> <\/span><a href=\"https:\/\/www.labguemes.com.ar\/web\/parasitologico-directo-y-seriado-en-materia-fecal-y-escobillado-anal\/\">IP-10 Parasitol\u00f3gico Directo<\/a>[\/vc_column_text][vc_column_text]<span style=\"color: #99ccff;\"><i class=\"fa fa-file-text \" ><\/i> <\/span><a href=\"https:\/\/www.labguemes.com.ar\/web\/orina-de-24-hs-para-determinacion-de-neuroquimicos-a\/\">IP-11 Recoleccion de Orina de 24 hs. para determinacion de Neuroquimicos (A)<\/a>[\/vc_column_text][vc_column_text]<span style=\"color: #99ccff;\"><i class=\"fa fa-file-text \" ><\/i> <\/span><a href=\"https:\/\/www.labguemes.com.ar\/web\/orina-de-24-hs-para-determinacion-de-neuroquimicos-b\/\">IP-12 Recoleccion de Orina de 24 hs. para determinacion de Neuroquimicos (B)<\/a>[\/vc_column_text][vc_column_text]<span style=\"color: #99ccff;\"><i class=\"fa fa-file-text \" ><\/i> <\/span><a href=\"https:\/\/www.labguemes.com.ar\/web\/antigeno-especifico-de-prostata-psa\/\">IP-13 Ant\u00edgeno Espec\u00edfico de Pr\u00f3stata Total y Libre &#8211; PSA\/PSAL<\/a>[\/vc_column_text][vc_column_text]<span style=\"color: #99ccff;\"><i class=\"fa fa-file-text \" ><\/i> <\/span><a href=\"https:\/\/www.labguemes.com.ar\/web\/espermocultivo\/\">IP-14 Espermocultivo<\/a>[\/vc_column_text][vc_column_text]<span style=\"color: #99ccff;\"><i class=\"fa fa-file-text \" ><\/i> <\/span><a href=\"https:\/\/www.labguemes.com.ar\/web\/orina-de-12-hs-para-recuento-de-addis\/\">IP-15 Recolecci\u00f3n de Orina de 12 hs. para Recuento de Addis<\/a>[\/vc_column_text][vc_column_text]<span style=\"color: #99ccff;\"><i class=\"fa fa-file-text \" ><\/i> <\/span><a href=\"https:\/\/www.labguemes.com.ar\/web\/recoleccion-de-orina-de-2-hs-calciuria-hidroxiprolina-deoxipiridinolina\/\">17- Recolecci\u00f3n de Orina de 2 hs. (Calciuria \/ Hidroxiprolina \/ Deoxipiridinolina)<\/a>[\/vc_column_text][vc_column_text]<span style=\"color: #99ccff;\"><i class=\"fa fa-file-text \" ><\/i> <\/span><a href=\"https:\/\/www.labguemes.com.ar\/web\/pacientes\/indicaciones-para-analisis-2\/glucemia-post-desayuno\/\" rel=\"noopener noreferrer\">18- Glucema Post Desayuno<\/a>[\/vc_column_text][vc_column_text]<span style=\"color: #99ccff;\"><i class=\"fa fa-file-text \" ><\/i> <\/span>1<a href=\"https:\/\/www.labguemes.com.ar\/web\/pacientes\/indicaciones-para-analisis-2\/busqueda-de-hpv-y-chlamydia-trachomatis-por-pcr-2\/\">1- B\u00fasqueda de HPV y Chlamydia Trachomatis por PCR<\/a>[\/vc_column_text][vc_column_text]<span style=\"color: #99ccff;\"><i class=\"fa fa-file-text \" ><\/i> <\/span><a href=\"https:\/\/www.labguemes.com.ar\/web\/determinacion-de-grasas-en-materia-fecal-test-de-sudan\/\">19- Grasas en Materia Fecal (Test de Sudan)<\/a>[\/vc_column_text][vc_column_text]<span style=\"color: #99ccff;\"><i class=\"fa fa-file-text \" ><\/i> <\/span><a href=\"https:\/\/www.labguemes.com.ar\/web\/coprocultivo\/\">20- Coprocultivo en Adultos, Ni\u00f1os y Beb\u00e9s<\/a>[\/vc_column_text][vc_column_text]<span style=\"color: #99ccff;\"><i class=\"fa fa-file-text \" ><\/i> <\/span><a href=\"https:\/\/www.labguemes.com.ar\/web\/exudado-de-fauces-faringeo-nasal\/\">21- Exudado de Fauces \/ Far\u00edngeo \/ Nasal<\/a>[\/vc_column_text][vc_column_text]<span style=\"color: #99ccff;\"><i class=\"fa fa-file-text \" ><\/i> <\/span><a href=\"https:\/\/www.labguemes.com.ar\/web\/recoleccion-de-orina-de-24-hs-para-hidroxiprolina\/\">22- Recolecci\u00f3n de Orina de 24 hs. para Hidroxiprolina<\/a>[\/vc_column_text][vc_column_text]<span style=\"color: #99ccff;\"><i class=\"fa fa-file-text \" ><\/i> <\/span><a href=\"https:\/\/www.labguemes.com.ar\/web\/realizacion-de-examen-micologico-directo-y-cultivo\/\">23- Ex\u00e1men Micol\u00f3gico (Directo y Cultivo)<\/a>[\/vc_column_text][vc_column_text]<span style=\"color: #99ccff;\"><i class=\"fa fa-file-text \" ><\/i> <\/span><a href=\"https:\/\/www.labguemes.com.ar\/web\/realizacion-de-estudio-de-filiacion-paternidad-adn\/\">24- Filiacion \/ Paternidad (ADN)<\/a>[\/vc_column_text][vc_column_text]<span style=\"color: #99ccff;\"><i class=\"fa fa-file-text \" ><\/i> <\/span><a href=\"https:\/\/www.labguemes.com.ar\/web\/recoleccion-de-esputo\/\">25- Recolecci\u00f3n de Esputo &#8211; G\u00e9rmenes comunes &#8211; Baar (Micobacterias)<\/a>[\/vc_column_text][vc_column_text]<span style=\"color: #99ccff;\"><i class=\"fa fa-file-text \" ><\/i><\/span><a href=\"https:\/\/www.labguemes.com.ar\/web\/examen-quimico-funcional-de-materia-fecal\/\"> 26- Ex\u00e1men Qu\u00edmico Funcional de Materia Fecal<\/a>[\/vc_column_text][vc_column_text]<span style=\"color: #99ccff;\"><i class=\"fa fa-file-text \" ><\/i><\/span><a href=\"https:\/\/www.labguemes.com.ar\/web\/recoleccion-de-orina-para-la-determinacion-de-drogas-de-abuso\/\"> 27- Recolecci\u00f3n de Orina para la Determinaci\u00f3n de Drogas de Abuso<\/a>[\/vc_column_text][vc_column_text]<span style=\"color: #99ccff;\"><i class=\"fa fa-file-text \" ><\/i> <\/span><a href=\"https:\/\/www.labguemes.com.ar\/web\/analisis-de-rutina-quimica-clinica-hematologia-hemostasia\/\">10- An\u00e1lisis de Rutina: Qu\u00edmica Cl\u00ednica \/ Hematolog\u00eda \/ Hemostasia<\/a>[\/vc_column_text][vc_column_text]<span style=\"color: #99ccff;\"><i class=\"fa fa-file-text \" ><\/i><\/span><a href=\"https:\/\/www.labguemes.com.ar\/web\/determinacion-de-hiv\/\"> 28- Determinacion de HIV<\/a>[\/vc_column_text][vc_column_text]<span style=\"color: #99ccff;\"><i class=\"fa fa-file-text \" ><\/i><\/span><a href=\"https:\/\/www.labguemes.com.ar\/web\/determinacion-de-drogas-terapeuticas\/\"> 29- Determinaci\u00f3n de Drogas Terap\u00e9uticas<\/a>[\/vc_column_text][vc_column_text]<span style=\"color: #99ccff;\"><i class=\"fa fa-file-text \" ><\/i><a href=\"http:\/\/www.labguemes.com.ar\/images\/temp\/instructivos\/Instructivo%2030%20-%20Exudado%20Uretral.jpg\" target=\"new\" rel=\"noopener noreferrer\">\u00a0<\/a><\/span><a href=\"https:\/\/www.labguemes.com.ar\/web\/cultivo-uretral-para-chlamydia-ag-mycoplasma-ureaplasma-busqueda-de-gonococos\/\">30- Cultivo Uretral para Chlamydia Ag. &#8211; Mycoplasma \/Ureaplasma \/ B\u00fasqueda de Gonococos<\/a>[\/vc_column_text][vc_column_text]<span style=\"color: #99ccff;\"><i class=\"fa fa-file-text \" ><\/i>\u00a0<\/span><a href=\"https:\/\/www.labguemes.com.ar\/web\/cultivo-vaginal-para-chlamydia-ag-mycoplasma-ureaplasma-busqueda-de-gonococos\/\">31- Cultivo Vaginal para Chlamydia Ag. &#8211; Mycoplasma \/Ureaplasma \/ B\u00fasqueda de Gonococos<\/a>[\/vc_column_text][vc_column_text]<span style=\"color: #99ccff;\"><i class=\"fa fa-file-text \" ><\/i> <\/span><a href=\"https:\/\/www.labguemes.com.ar\/web\/recoleccion-de-orina-para-bacilo-alcohol-resistentes\/\">32- Recolecci\u00f3n de Orina para Bacilo Alcohol Resistentes<\/a>[\/vc_column_text][vc_column_text]<span style=\"color: #99ccff;\"><i class=\"fa fa-file-text \" ><\/i> <\/span><a href=\"https:\/\/www.labguemes.com.ar\/web\/espermograma-completo-computarizado-y-pruebas-funcionales-en-esperma\/\">33- Espermograma Completo Computarizado y Pruebas Funcionales en Esperma<\/a>[\/vc_column_text][vc_column_text]<span style=\"color: #99ccff;\"><i class=\"fa fa-file-text \" ><\/i> <\/span><a href=\"https:\/\/www.labguemes.com.ar\/web\/recoleccion-de-muestras-para-ioduria\/\">34- Recolecci\u00f3n de Muestras para Ioduria<\/a>[\/vc_column_text][vc_column_text]<span style=\"color: #99ccff;\"><i class=\"fa fa-file-text \" ><\/i> <\/span><a href=\"https:\/\/www.labguemes.com.ar\/web\/recoleccion-de-orina-para-estudios-metabolicos\/\">35- Recolecci\u00f3n de Orina para Estudios Metab\u00f3licos<\/a>[\/vc_column_text][vc_column_text]<span style=\"color: #99ccff;\"><i class=\"fa fa-file-text \" ><\/i> <\/span><a href=\"https:\/\/www.labguemes.com.ar\/web\/recoleccion-de-materia-fecal-para-la-determinacion-de-esteatocrito\/\">36- Recolecci\u00f3n de Materia Fecal para la determinacion de Esteatocrito<\/a>[\/vc_column_text][vc_column_text]<span style=\"color: #99ccff;\"><i class=\"fa fa-file-text \" ><\/i> <\/span><a href=\"https:\/\/www.labguemes.com.ar\/web\/recoleccion-de-materia-fecal-para-la-determinacion-de-van-de-kamer\/\">37- Recolecci\u00f3n de Materia Fecal para la determinaci\u00f3n de Van de Kamer<\/a>[\/vc_column_text][vc_column_text]<span style=\"color: #99ccff;\"><i class=\"fa fa-file-text \" ><\/i> <\/span><a href=\"https:\/\/www.labguemes.com.ar\/web\/recoleccion-de-orina-primera-miccion\/\">38- Recolecci\u00f3n de Orina Primera Micci\u00f3n<\/a>[\/vc_column_text][vc_column_text]<span style=\"color: #99ccff;\"><i class=\"fa fa-file-text \" ><\/i>\u00a0<\/span><a href=\"https:\/\/www.labguemes.com.ar\/web\/toma-de-muestra-de-orina-en-pacientes-sondados\/\">39- Orina en pacientes Sondados<\/a>[\/vc_column_text][vc_column_text]<span style=\"color: #99ccff;\"><i class=\"fa fa-file-text \" ><\/i>\u00a0<\/span><a href=\"https:\/\/www.labguemes.com.ar\/web\/estudio-de-trisomias-primer-trimestre-de-embarazo\/\">40- Estudio de Trisom\u00edas Primer Trimestre de Embarazo<\/a>[\/vc_column_text][vc_column_text]<span style=\"color: #99ccff;\"><i class=\"fa fa-file-text \" ><\/i> <\/span><a href=\"https:\/\/www.labguemes.com.ar\/web\/estudio-de-trisomias-segundo-trimestre-de-embarazo\/\">41- Estudio de Trisom\u00edas Segundo Trimestre de Embarazo<\/a>[\/vc_column_text][vc_column_text]<span style=\"color: #99ccff;\"><i class=\"fa fa-file-text \" ><\/i> <\/span><a href=\"https:\/\/www.labguemes.com.ar\/web\/estudios-de-hormonas-tiroideas\/\">42- Estudios de Hormonas Tiroideas<\/a>[\/vc_column_text][vc_column_text]<span style=\"color: #99ccff;\"><i class=\"fa fa-file-text \" ><\/i> <\/span><a href=\"https:\/\/www.labguemes.com.ar\/web\/virus-por-pcr-cuali-y-cuantitativo\/\">43- Virus por PCR Cuali y Cuantitativo(Hepatitis B &#8211; Hepatitis C &#8211; HIV &#8211; Citomegalovirus &#8211; Epstein Baar &#8211; Herpes Simplex &#8211; Otros)<\/a>[\/vc_column_text][vc_column_text]<span style=\"color: #99ccff;\"><i class=\"fa fa-file-text \" ><\/i> <\/span><a href=\"https:\/\/www.labguemes.com.ar\/web\/influenza-h1n1\/\">44- Indicaciones para la determinaci\u00f3n de Influenza H1N1<\/a>[\/vc_column_text][vc_column_text]<span style=\"color: #99ccff;\"><i class=\"fa fa-file-text \" ><\/i> <\/span><a href=\"https:\/\/www.labguemes.com.ar\/web\/cortisol-en-saliva\/\">45- Recolecci\u00f3n de Cortisol en Saliva<\/a>[\/vc_column_text][vc_column_text]<span style=\"color: #99ccff;\"><i class=\"fa fa-file-text \" ><\/i>\u00a0<\/span><a href=\"https:\/\/www.labguemes.com.ar\/web\/serotonina-plaquetaria\/\">46- Serotonina Plaquetaria<\/a>[\/vc_column_text][vc_column_text]<span style=\"color: #99ccff;\"><i class=\"fa fa-file-text \" ><\/i> <\/span><a href=\"https:\/\/www.labguemes.com.ar\/web\/acidos-organicos\/\">47- \u00c1cidos Org\u00e1nicos<\/a>[\/vc_column_text][vc_column_text]<span style=\"color: #99ccff;\"><i class=\"fa fa-file-text \" ><\/i> <\/span><a href=\"https:\/\/www.labguemes.com.ar\/web\/pacientes\/indicaciones-para-analisis-2\/alfa-1-antitripsina-en-materia-fecal\/\">48- Alfa 1 Anti tripsina en materia fecal<\/a>[\/vc_column_text][vc_column_text]<span style=\"color: #99ccff;\"><i class=\"fa fa-file-text \" ><\/i> <\/span><a href=\"https:\/\/www.labguemes.com.ar\/web\/pacientes\/indicaciones-para-analisis-2\/clearence-de-alfa-1-antitripsina-en-materia-fecal\/\">49- Alfa 1 Anti tripsina en materia fecal Clearence<\/a>[\/vc_column_text][vc_column_text]<span style=\"color: #99ccff;\"><i class=\"fa fa-file-text \" ><\/i> <\/span><a href=\"https:\/\/www.labguemes.com.ar\/web\/pacientes\/indicaciones-para-analisis-2\/calprotectina\/\">50- Calprotectina<\/a>[\/vc_column_text][vc_column_text]<span style=\"color: #99ccff;\"><i class=\"fa fa-file-text \" ><\/i> <\/span><a href=\"https:\/\/www.labguemes.com.ar\/web\/pacientes\/indicaciones-para-analisis-2\/sangre-oculta-en-materia-fecal-sin-dieta\/\">51- Sangre oculta en materia fecal &#8211; SIN DIETA<\/a>[\/vc_column_text][vc_column_text]<span style=\"color: #99ccff;\"><i class=\"fa fa-file-text \" ><\/i> <\/span><a href=\"https:\/\/www.labguemes.com.ar\/web\/pacientes\/indicaciones-para-analisis-2\/ph-en-materia-fecal\/\">52- PH en Materia Fecal<\/a>[\/vc_column_text][vc_column_text]<span style=\"color: #99ccff;\"><i class=\"fa fa-file-text \" ><\/i> <\/span><a href=\"https:\/\/www.labguemes.com.ar\/web\/pacientes\/indicaciones-para-analisis-2\/elastasa-pancreatica\/\">53- Elastasa pancre\u00e1tica<\/a>[\/vc_column_text][vc_column_text]<span style=\"color: #99ccff;\"><i class=\"fa fa-file-text \" ><\/i> <\/span><a href=\"https:\/\/www.labguemes.com.ar\/web\/pacientes\/indicaciones-para-analisis-2\/quimiotripsina-en-materia-fecal\/\">54- Quimiotripsina en materia fecal<\/a>[\/vc_column_text][vc_column_text]<span style=\"color: #99ccff;\"><i class=\"fa fa-file-text \" ><\/i> <\/span><a href=\"https:\/\/www.labguemes.com.ar\/web\/pacientes\/indicaciones-para-analisis-2\/parasitologico-seriado-en-materia-fecal\/\">55- Parasitol\u00f3gico seriado en materia fecal<\/a>[\/vc_column_text][vc_column_text]<span style=\"color: #99ccff;\"><i class=\"fa fa-file-text \" ><\/i> <\/span><a href=\"https:\/\/www.labguemes.com.ar\/web\/pacientes\/indicaciones-para-analisis-2\/test-de-graham-escobillado-anal\/\">56- Test de Graham &#8211; Escobillado Anal<\/a>[\/vc_column_text][vc_column_text]<span style=\"color: #99ccff;\"><i class=\"fa fa-file-text \" ><\/i> <\/span><a href=\"https:\/\/www.labguemes.com.ar\/web\/pacientes\/indicaciones-para-analisis-2\/nn-dimetiltriptamina\/\">57- NN-Dimetiltriptamina<\/a>[\/vc_column_text][vc_column_text]<span style=\"color: #99ccff;\"><i class=\"fa fa-file-text \" ><\/i> <\/span><a href=\"https:\/\/www.labguemes.com.ar\/web\/pacientes\/indicaciones-para-analisis-2\/carnitinas-urinarias\/\">58- Carnitinas urinarias<\/a>[\/vc_column_text][vc_column_text]<span style=\"color: #99ccff;\"><i class=\"fa fa-file-text \" ><\/i> <\/span><a href=\"https:\/\/www.labguemes.com.ar\/web\/pacientes\/indicaciones-para-analisis-2\/oligosacaridos-cromatografia\/\">59- Oligosac\u00e1ridos Cromatograf\u00eda<\/a>[\/vc_column_text][vc_column_text]<span style=\"color: #99ccff;\"><i class=\"fa fa-file-text \" ><\/i> <\/span><a href=\"https:\/\/www.labguemes.com.ar\/web\/pacientes\/indicaciones-para-analisis-2\/aminoacidos-cuantitativos\/\">60- Amino\u00e1cidos cuantitativos<\/a>[\/vc_column_text][vc_column_text]<span style=\"color: #99ccff;\"><i class=\"fa fa-file-text \" ><\/i> <\/span><a href=\"https:\/\/www.labguemes.com.ar\/web\/pacientes\/indicaciones-para-analisis-2\/cortisol-matutino-y-vespertino\/\">61- Cortisol matutino y vespertino<\/a>[\/vc_column_text][vc_column_text]<span style=\"color: #99ccff;\"><i class=\"fa fa-file-text \" ><\/i> <\/span><a href=\"https:\/\/www.labguemes.com.ar\/web\/pacientes\/indicaciones-para-analisis-2\/acido-5-hidroxi-indol-acetico\/\">62- \u00c1cido 5 Hidroxi Indol Ac\u00e9tico<\/a>[\/vc_column_text][vc_column_text]<span style=\"color: #99ccff;\"><i class=\"fa fa-file-text \" ><\/i> <\/span><a href=\"https:\/\/www.labguemes.com.ar\/web\/pacientes\/indicaciones-para-analisis-2\/acido-homovanilico\/\">63- \u00c1cido Homovanilico<\/a>[\/vc_column_text][vc_column_text]<span style=\"color: #99ccff;\"><i class=\"fa fa-file-text \" ><\/i> <\/span><a href=\"https:\/\/www.labguemes.com.ar\/web\/fish-oncogen-her2-neu\/\">64- Fish Oncogen 2 Her\/Neu<\/a>[\/vc_column_text][vc_column_text]<span style=\"color: #99ccff;\"><i class=\"fa fa-file-text \" ><\/i> <\/span><a href=\"https:\/\/www.labguemes.com.ar\/web\/pacientes\/indicaciones-para-analisis-2\/catecolaminas-plasmaticas\/\">65- Catecolaminas plasmaticas<\/a>[\/vc_column_text][vc_column_text]<span style=\"color: #99ccff;\"><i class=\"fa fa-file-text \" ><\/i> <\/span><a href=\"https:\/\/www.labguemes.com.ar\/web\/pacientes\/indicaciones-para-analisis-2\/aldosterona-plasmatica\/\">66- Aldosterona plasmatica<\/a>[\/vc_column_text][\/vc_column][\/vc_row][vc_row][vc_column][\/vc_column][\/vc_row]<\/p>\n","protected":false},"excerpt":{"rendered":"<p>[vc_row content_placement=\u00bbmiddle\u00bb container=\u00bbtrue\u00bb][vc_column][vc_column_text] Aqu\u00ed podr\u00e1 ver las horas de ayuno que necesita respetar o si requiere de alguna preparaci\u00f3n previa especial de acuerdo a los an\u00e1lisis que le haya indicado su m\u00e9dico realizarse. [\/vc_column_text][vc_column_text] Extracciones a domicilio SIN CARGO Consultar zona de cobertura[\/vc_column_text][vc_column_text] Como consultar y descargar los resultados on line[\/vc_column_text][vc_column_text] IP-1 Urocultivo Mujeres y Ni\u00f1as[\/vc_column_text][vc_column_text] IP-2 Orina Completa[\/vc_column_text][vc_column_text] IP-3\u00a0 Recolecci\u00f3n de orina para calciuria de 24 hs.[\/vc_column_text][vc_column_text] IP-4 Recolecci\u00f3n de orina de 24 hs.[\/vc_column_text][vc_column_text] IP-5 Recoleccion de Orina para Microalbuminuria de 24 hs., y ocasional[\/vc_column_text][vc_column_text] IP-6 Realizaci\u00f3n de Glucemia post pandrial y curva de tolerancia oral a la glucosa[\/vc_column_text][vc_column_text] IP-8 Determinacion de Sangre Oculta en Materia Fecal[\/vc_column_text][vc_column_text] IP-9 Determinacion de Prolactina y Macroprolactina[\/vc_column_text][vc_column_text] IP-10 Parasitol\u00f3gico Directo[\/vc_column_text][vc_column_text] IP-11 Recoleccion de Orina de 24 hs. para determinacion de Neuroquimicos (A)[\/vc_column_text][vc_column_text] IP-12 Recoleccion de Orina de 24 hs. para determinacion de Neuroquimicos (B)[\/vc_column_text][vc_column_text] IP-13 Ant\u00edgeno Espec\u00edfico de Pr\u00f3stata Total y Libre &#8211; PSA\/PSAL[\/vc_column_text][vc_column_text] IP-14 Espermocultivo[\/vc_column_text][vc_column_text] IP-15 Recolecci\u00f3n de Orina de 12 hs. para Recuento de Addis[\/vc_column_text][vc_column_text] 17- Recolecci\u00f3n de Orina de 2 hs. (Calciuria \/ Hidroxiprolina \/ Deoxipiridinolina)[\/vc_column_text][vc_column_text] 18- Glucema Post Desayuno[\/vc_column_text][vc_column_text] 11- B\u00fasqueda de HPV y Chlamydia Trachomatis por PCR[\/vc_column_text][vc_column_text] 19- Grasas en Materia Fecal (Test de Sudan)[\/vc_column_text][vc_column_text] 20- Coprocultivo en Adultos, Ni\u00f1os y Beb\u00e9s[\/vc_column_text][vc_column_text] 21- Exudado de Fauces \/ Far\u00edngeo \/ Nasal[\/vc_column_text][vc_column_text] 22- Recolecci\u00f3n de Orina de 24 hs. para Hidroxiprolina[\/vc_column_text][vc_column_text] 23- Ex\u00e1men Micol\u00f3gico (Directo y Cultivo)[\/vc_column_text][vc_column_text] 24- Filiacion \/ Paternidad (ADN)[\/vc_column_text][vc_column_text] 25- Recolecci\u00f3n de Esputo &#8211; G\u00e9rmenes comunes &#8211; Baar (Micobacterias)[\/vc_column_text][vc_column_text] 26- Ex\u00e1men Qu\u00edmico Funcional de Materia Fecal[\/vc_column_text][vc_column_text] 27- Recolecci\u00f3n de Orina para la Determinaci\u00f3n de Drogas de Abuso[\/vc_column_text][vc_column_text] 10- An\u00e1lisis de Rutina: Qu\u00edmica Cl\u00ednica \/ Hematolog\u00eda \/ Hemostasia[\/vc_column_text][vc_column_text] 28- Determinacion de HIV[\/vc_column_text][vc_column_text] 29- Determinaci\u00f3n de Drogas Terap\u00e9uticas[\/vc_column_text][vc_column_text]\u00a030- Cultivo Uretral para Chlamydia Ag. &#8211; Mycoplasma \/Ureaplasma \/ B\u00fasqueda de Gonococos[\/vc_column_text][vc_column_text]\u00a031- Cultivo Vaginal para Chlamydia Ag. &#8211; Mycoplasma \/Ureaplasma \/ B\u00fasqueda de Gonococos[\/vc_column_text][vc_column_text] 32- Recolecci\u00f3n de Orina para Bacilo Alcohol Resistentes[\/vc_column_text][vc_column_text] 33- Espermograma Completo Computarizado y Pruebas Funcionales en Esperma[\/vc_column_text][vc_column_text] 34- Recolecci\u00f3n de Muestras para Ioduria[\/vc_column_text][vc_column_text] 35- Recolecci\u00f3n de Orina para Estudios Metab\u00f3licos[\/vc_column_text][vc_column_text] 36- Recolecci\u00f3n de Materia Fecal para la determinacion de Esteatocrito[\/vc_column_text][vc_column_text] 37- Recolecci\u00f3n de Materia Fecal para la determinaci\u00f3n de Van de Kamer[\/vc_column_text][vc_column_text] 38- Recolecci\u00f3n de Orina Primera Micci\u00f3n[\/vc_column_text][vc_column_text]\u00a039- Orina en pacientes Sondados[\/vc_column_text][vc_column_text]\u00a040- Estudio de Trisom\u00edas Primer Trimestre de Embarazo[\/vc_column_text][vc_column_text] 41- Estudio de Trisom\u00edas Segundo Trimestre de Embarazo[\/vc_column_text][vc_column_text] 42- Estudios de Hormonas Tiroideas[\/vc_column_text][vc_column_text] 43- Virus por PCR Cuali y Cuantitativo(Hepatitis B &#8211; Hepatitis C &#8211; HIV &#8211; Citomegalovirus &#8211; Epstein Baar &#8211; Herpes Simplex &#8211; Otros)[\/vc_column_text][vc_column_text] 44- Indicaciones para la determinaci\u00f3n de Influenza H1N1[\/vc_column_text][vc_column_text] 45- Recolecci\u00f3n de Cortisol en Saliva[\/vc_column_text][vc_column_text]\u00a046- Serotonina Plaquetaria[\/vc_column_text][vc_column_text] 47- \u00c1cidos Org\u00e1nicos[\/vc_column_text][vc_column_text] 48- Alfa 1 Anti tripsina en materia fecal[\/vc_column_text][vc_column_text] 49- Alfa 1 Anti tripsina en materia fecal Clearence[\/vc_column_text][vc_column_text] 50- Calprotectina[\/vc_column_text][vc_column_text] 51- Sangre oculta en materia fecal &#8211; SIN DIETA[\/vc_column_text][vc_column_text] 52- PH en Materia Fecal[\/vc_column_text][vc_column_text] 53- Elastasa pancre\u00e1tica[\/vc_column_text][vc_column_text] 54- Quimiotripsina en materia fecal[\/vc_column_text][vc_column_text] 55- Parasitol\u00f3gico seriado en materia fecal[\/vc_column_text][vc_column_text] 56- Test de Graham &#8211; Escobillado Anal[\/vc_column_text][vc_column_text] 57- NN-Dimetiltriptamina[\/vc_column_text][vc_column_text] 58- Carnitinas urinarias[\/vc_column_text][vc_column_text] 59- Oligosac\u00e1ridos Cromatograf\u00eda[\/vc_column_text][vc_column_text] 60- Amino\u00e1cidos cuantitativos[\/vc_column_text][vc_column_text] 61- Cortisol matutino y vespertino[\/vc_column_text][vc_column_text] 62- \u00c1cido 5 [&hellip;]<\/p>\n","protected":false},"author":2,"featured_media":0,"parent":103,"menu_order":0,"comment_status":"closed","ping_status":"closed","template":"page-templates\/fluid-width.php","meta":{"footnotes":""},"class_list":["post-919","page","type-page","status-publish","hentry"],"_links":{"self":[{"href":"https:\/\/www.labguemes.com.ar\/web\/wp-json\/wp\/v2\/pages\/919","targetHints":{"allow":["GET"]}}],"collection":[{"href":"https:\/\/www.labguemes.com.ar\/web\/wp-json\/wp\/v2\/pages"}],"about":[{"href":"https:\/\/www.labguemes.com.ar\/web\/wp-json\/wp\/v2\/types\/page"}],"author":[{"embeddable":true,"href":"https:\/\/www.labguemes.com.ar\/web\/wp-json\/wp\/v2\/users\/2"}],"replies":[{"embeddable":true,"href":"https:\/\/www.labguemes.com.ar\/web\/wp-json\/wp\/v2\/comments?post=919"}],"version-history":[{"count":128,"href":"https:\/\/www.labguemes.com.ar\/web\/wp-json\/wp\/v2\/pages\/919\/revisions"}],"predecessor-version":[{"id":925,"href":"https:\/\/www.labguemes.com.ar\/web\/wp-json\/wp\/v2\/pages\/919\/revisions\/925"}],"up":[{"embeddable":true,"href":"https:\/\/www.labguemes.com.ar\/web\/wp-json\/wp\/v2\/pages\/103"}],"wp:attachment":[{"href":"https:\/\/www.labguemes.com.ar\/web\/wp-json\/wp\/v2\/media?parent=919"}],"curies":[{"name":"wp","href":"https:\/\/api.w.org\/{rel}","templated":true}]}}